{"id":1661,"date":"2023-03-10T11:26:55","date_gmt":"2023-03-10T11:26:55","guid":{"rendered":"https:\/\/www.gase-hildebrandt.de\/?page_id=1661"},"modified":"2023-03-10T11:30:07","modified_gmt":"2023-03-10T11:30:07","slug":"katalog-3","status":"publish","type":"page","link":"https:\/\/www.gase-hildebrandt.de\/index.php\/katalog-3\/","title":{"rendered":"Katalog"},"content":{"rendered":"\t\t<div data-elementor-type=\"wp-page\" data-elementor-id=\"1661\" class=\"elementor elementor-1661\">\n\t\t\t\t\t\t<section class=\"elementor-section elementor-top-section elementor-element elementor-element-52f7c05b elementor-section-boxed elementor-section-height-default elementor-section-height-default\" data-id=\"52f7c05b\" data-element_type=\"section\" data-e-type=\"section\">\n\t\t\t\t\t\t<div class=\"elementor-container elementor-column-gap-default\">\n\t\t\t\t\t<div class=\"elementor-column elementor-col-100 elementor-top-column elementor-element elementor-element-157e4414\" data-id=\"157e4414\" data-element_type=\"column\" data-e-type=\"column\">\n\t\t\t<div class=\"elementor-widget-wrap elementor-element-populated\">\n\t\t\t\t\t\t<div class=\"elementor-element elementor-element-7d3e1e61 elementor-widget elementor-widget-image\" data-id=\"7d3e1e61\" data-element_type=\"widget\" data-e-type=\"widget\" data-widget_type=\"image.default\">\n\t\t\t\t<div class=\"elementor-widget-container\">\n\t\t\t\t\t\t\t\t\t\t\t\t\t\t\t<img decoding=\"async\" src=\"https:\/\/gase-hildebrandt.de\/wp-content\/uploads\/2020\/02\/header_1140_01.png\" title=\"\" alt=\"\" loading=\"lazy\" \/>\t\t\t\t\t\t\t\t\t\t\t\t\t\t\t<\/div>\n\t\t\t\t<\/div>\n\t\t\t\t\t<\/div>\n\t\t<\/div>\n\t\t\t\t\t<\/div>\n\t\t<\/section>\n\t\t\t\t<section class=\"elementor-section elementor-top-section elementor-element elementor-element-edf16f9 elementor-section-boxed elementor-section-height-default elementor-section-height-default\" data-id=\"edf16f9\" data-element_type=\"section\" data-e-type=\"section\">\n\t\t\t\t\t\t<div class=\"elementor-container elementor-column-gap-default\">\n\t\t\t\t\t<div class=\"elementor-column elementor-col-100 elementor-top-column elementor-element elementor-element-6a44a14 elementor-hidden-tablet elementor-hidden-phone\" data-id=\"6a44a14\" data-element_type=\"column\" data-e-type=\"column\" data-settings=\"{&quot;background_background&quot;:&quot;classic&quot;}\">\n\t\t\t<div class=\"elementor-widget-wrap elementor-element-populated\">\n\t\t\t\t\t\t<div class=\"elementor-element elementor-element-6cf58ae elementor-widget elementor-widget-ekit-nav-menu\" data-id=\"6cf58ae\" data-element_type=\"widget\" data-e-type=\"widget\" data-widget_type=\"ekit-nav-menu.default\">\n\t\t\t\t<div class=\"elementor-widget-container\">\n\t\t\t\t\t\t\t<nav class=\"ekit-wid-con ekit_menu_responsive_tablet\"\n\t\t\tdata-hamburger-icon=\"\"\n\t\t\tdata-hamburger-icon-type=\"icon\"\n\t\t\tdata-responsive-breakpoint=\"1024\">\n\t\t\t            <button class=\"elementskit-menu-hamburger elementskit-menu-toggler\"  type=\"button\" aria-label=\"hamburger-icon\">\n                                    <span class=\"elementskit-menu-hamburger-icon\"><\/span><span class=\"elementskit-menu-hamburger-icon\"><\/span><span class=\"elementskit-menu-hamburger-icon\"><\/span>\n                            <\/button>\n            <div id=\"ekit-megamenu-menu-1\" class=\"elementskit-menu-container elementskit-menu-offcanvas-elements elementskit-navbar-nav-default ekit-nav-menu-one-page-no ekit-nav-dropdown-hover\"><ul id=\"menu-menu-1\" class=\"elementskit-navbar-nav elementskit-menu-po-left submenu-click-on-icon\"><li id=\"menu-item-59\" class=\"menu-item menu-item-type-post_type menu-item-object-page menu-item-home menu-item-59 nav-item elementskit-mobile-builder-content\" data-vertical-menu=750px><a href=\"https:\/\/www.gase-hildebrandt.de\/\" class=\"ekit-menu-nav-link\">Startseite<\/a><\/li>\n<li id=\"menu-item-140\" class=\"menu-item menu-item-type-post_type menu-item-object-page menu-item-140 nav-item elementskit-mobile-builder-content\" data-vertical-menu=750px><a href=\"https:\/\/www.gase-hildebrandt.de\/index.php\/unsere-firma\/\" class=\"ekit-menu-nav-link\">Unsere Firma<\/a><\/li>\n<li id=\"menu-item-141\" class=\"menu-item menu-item-type-post_type menu-item-object-page menu-item-141 nav-item elementskit-mobile-builder-content\" data-vertical-menu=750px><a href=\"https:\/\/www.gase-hildebrandt.de\/index.php\/ueberuns\/\" class=\"ekit-menu-nav-link\">Gasangebot<\/a><\/li>\n<li id=\"menu-item-1664\" class=\"menu-item menu-item-type-post_type menu-item-object-page menu-item-1664 nav-item elementskit-mobile-builder-content\" data-vertical-menu=750px><a href=\"https:\/\/www.gase-hildebrandt.de\/index.php\/katalog-3\/\" class=\"ekit-menu-nav-link\">Katalog<\/a><\/li>\n<li id=\"menu-item-138\" class=\"menu-item menu-item-type-post_type menu-item-object-page menu-item-138 nav-item elementskit-mobile-builder-content\" data-vertical-menu=750px><a href=\"https:\/\/www.gase-hildebrandt.de\/index.php\/kontakt\/\" class=\"ekit-menu-nav-link\">Kontakt<\/a><\/li>\n<li id=\"menu-item-137\" class=\"menu-item menu-item-type-post_type menu-item-object-page menu-item-137 nav-item elementskit-mobile-builder-content\" data-vertical-menu=750px><a href=\"https:\/\/www.gase-hildebrandt.de\/index.php\/impressum-und-datenschutz\/\" class=\"ekit-menu-nav-link\">Impressum und Datenschutz<\/a><\/li>\n<\/ul><div class=\"elementskit-nav-identity-panel\"><button class=\"elementskit-menu-close elementskit-menu-toggler\" type=\"button\">X<\/button><\/div><\/div>\n\t\t\t<div class=\"elementskit-menu-overlay elementskit-menu-offcanvas-elements elementskit-menu-toggler ekit-nav-menu--overlay\"><\/div>        <\/nav>\n\t\t\t\t\t\t<\/div>\n\t\t\t\t<\/div>\n\t\t\t\t\t<\/div>\n\t\t<\/div>\n\t\t\t\t\t<\/div>\n\t\t<\/section>\n\t\t\t\t<section class=\"elementor-section elementor-top-section elementor-element elementor-element-6fda0b6 elementor-section-boxed elementor-section-height-default elementor-section-height-default\" data-id=\"6fda0b6\" data-element_type=\"section\" data-e-type=\"section\">\n\t\t\t\t\t\t<div class=\"elementor-container elementor-column-gap-default\">\n\t\t\t\t\t<article class=\"elementor-column elementor-col-100 elementor-top-column elementor-element elementor-element-cc74219\" data-id=\"cc74219\" data-element_type=\"column\" data-e-type=\"column\" data-settings=\"{&quot;background_background&quot;:&quot;classic&quot;}\">\n\t\t\t<div class=\"elementor-widget-wrap elementor-element-populated\">\n\t\t\t\t\t\t<div class=\"elementor-element elementor-element-3be8211 elementor-widget elementor-widget-text-editor\" data-id=\"3be8211\" data-element_type=\"widget\" data-e-type=\"widget\" data-widget_type=\"text-editor.default\">\n\t\t\t\t<div class=\"elementor-widget-container\">\n\t\t\t\t\t\t\t\t\t<h2 style=\"text-align: left;\">\u00a0 \u00a0 \u00a0 \u00a0 \u00a0Unser Zubeh\u00f6r &#8211; Katalog<\/h2>\t\t\t\t\t\t\t\t<\/div>\n\t\t\t\t<\/div>\n\t\t\t\t\t<\/div>\n\t\t<\/article>\n\t\t\t\t\t<\/div>\n\t\t<\/section>\n\t\t\t\t<section class=\"elementor-section elementor-top-section elementor-element elementor-element-bee72d2 elementor-section-boxed elementor-section-height-default elementor-section-height-default\" data-id=\"bee72d2\" data-element_type=\"section\" data-e-type=\"section\">\n\t\t\t\t\t\t<div class=\"elementor-container elementor-column-gap-default\">\n\t\t\t\t\t<div class=\"elementor-column elementor-col-100 elementor-top-column elementor-element elementor-element-ddd1dda\" data-id=\"ddd1dda\" data-element_type=\"column\" data-e-type=\"column\" data-settings=\"{&quot;background_background&quot;:&quot;classic&quot;}\">\n\t\t\t<div class=\"elementor-widget-wrap elementor-element-populated\">\n\t\t\t\t\t\t<div class=\"elementor-element elementor-element-5fdfec1 elementor-widget elementor-widget-text-editor\" data-id=\"5fdfec1\" data-element_type=\"widget\" data-e-type=\"widget\" data-widget_type=\"text-editor.default\">\n\t\t\t\t<div class=\"elementor-widget-container\">\n\t\t\t\t\t\t\t\t\t<ol><li><a href=\"https:\/\/www.gase-hildebrandt.de\/index.php\/elektroschweissen\/\">Elektroschwei\u00dfen<\/a><\/li><li><a href=\"https:\/\/www.gase-hildebrandt.de\/index.php\/wig-schweissen\/\">WIG-Schwei\u00dfen<\/a><\/li><li><a href=\"https:\/\/www.gase-hildebrandt.de\/index.php\/mig-mag-schweissen\/\">MIG-MAG &#8211; Schwei\u00dfen<\/a><\/li><li><a href=\"https:\/\/www.gase-hildebrandt.de\/index.php\/autogenschweissen\/\">Autogenschwei\u00dfen<\/a><\/li><li><a href=\"https:\/\/www.gase-hildebrandt.de\/index.php\/druckminderer-und-zubehoer\/\">Druckminderer und Zubeh\u00f6r<\/a><\/li><li><a href=\"https:\/\/www.gase-hildebrandt.de\/index.php\/trennmittel-spray\/\">Trennmittel &amp; Spray<\/a><\/li><li><a href=\"https:\/\/www.gase-hildebrandt.de\/index.php\/stahlflaschen\/\">Stahlflaschen und Trockeneis<\/a><\/li><li><a href=\"https:\/\/www.gase-hildebrandt.de\/index.php\/propangeraete\/\">Propanger\u00e4te<\/a><\/li><li><a href=\"https:\/\/www.gase-hildebrandt.de\/index.php\/fluessiggasgeraete\/\">Fl\u00fcssiggasger\u00e4te<\/a><\/li><li><a href=\"https:\/\/www.gase-hildebrandt.de\/index.php\/test-2\/\">Arbeitsschutz<\/a><\/li><li><a href=\"https:\/\/www.gase-hildebrandt.de\/index.php\/schleifwerkzeuge\/\">Schleifwerkzeuge<\/a><\/li><li><a href=\"https:\/\/www.gase-hildebrandt.de\/index.php\/werkzeuge-und-zubehoer\/\">Werkzeuge und Zubeh\u00f6r<\/a><\/li><\/ol>\t\t\t\t\t\t\t\t<\/div>\n\t\t\t\t<\/div>\n\t\t\t\t<section class=\"elementor-section elementor-inner-section elementor-element elementor-element-cdbc7cd elementor-section-boxed elementor-section-height-default elementor-section-height-default\" data-id=\"cdbc7cd\" data-element_type=\"section\" data-e-type=\"section\">\n\t\t\t\t\t\t<div class=\"elementor-container elementor-column-gap-default\">\n\t\t\t\t\t<div class=\"elementor-column elementor-col-50 elementor-inner-column elementor-element elementor-element-1884094\" data-id=\"1884094\" data-element_type=\"column\" data-e-type=\"column\">\n\t\t\t<div class=\"elementor-widget-wrap elementor-element-populated\">\n\t\t\t\t\t\t<div class=\"elementor-element elementor-element-8d30f26 elementor-widget elementor-widget-image\" data-id=\"8d30f26\" data-element_type=\"widget\" data-e-type=\"widget\" data-widget_type=\"image.default\">\n\t\t\t\t<div class=\"elementor-widget-container\">\n\t\t\t\t\t\t\t\t\t\t\t\t\t\t\t\t<a href=\"https:\/\/gase-hildebrandt.de\/index.php\/autogas\/\">\n\t\t\t\t\t\t\t<img decoding=\"async\" width=\"300\" height=\"54\" src=\"https:\/\/www.gase-hildebrandt.de\/wp-content\/uploads\/2020\/02\/autogas-300x54.png\" class=\"attachment-medium size-medium wp-image-77\" alt=\"\" srcset=\"https:\/\/www.gase-hildebrandt.de\/wp-content\/uploads\/2020\/02\/autogas-300x54.png 300w, https:\/\/www.gase-hildebrandt.de\/wp-content\/uploads\/2020\/02\/autogas-500x90.png 500w, https:\/\/www.gase-hildebrandt.de\/wp-content\/uploads\/2020\/02\/autogas.png 539w\" sizes=\"(max-width: 300px) 100vw, 300px\" \/>\t\t\t\t\t\t\t\t<\/a>\n\t\t\t\t\t\t\t\t\t\t\t\t\t\t\t<\/div>\n\t\t\t\t<\/div>\n\t\t\t\t\t<\/div>\n\t\t<\/div>\n\t\t\t\t<div class=\"elementor-column elementor-col-50 elementor-inner-column elementor-element elementor-element-7d8e920\" data-id=\"7d8e920\" data-element_type=\"column\" data-e-type=\"column\">\n\t\t\t<div class=\"elementor-widget-wrap elementor-element-populated\">\n\t\t\t\t\t\t<div class=\"elementor-element elementor-element-0b1aa54 elementor-widget elementor-widget-image\" data-id=\"0b1aa54\" data-element_type=\"widget\" data-e-type=\"widget\" data-widget_type=\"image.default\">\n\t\t\t\t<div class=\"elementor-widget-container\">\n\t\t\t\t\t\t\t\t\t\t\t\t\t\t\t\t<a href=\"http:\/\/www.airproducts.de\" target=\"_blank\">\n\t\t\t\t\t\t\t<img decoding=\"async\" width=\"300\" height=\"64\" src=\"https:\/\/www.gase-hildebrandt.de\/wp-content\/uploads\/2020\/02\/airproducts_logo-300x64.png\" class=\"attachment-medium size-medium wp-image-76\" alt=\"\" srcset=\"https:\/\/www.gase-hildebrandt.de\/wp-content\/uploads\/2020\/02\/airproducts_logo-300x64.png 300w, https:\/\/www.gase-hildebrandt.de\/wp-content\/uploads\/2020\/02\/airproducts_logo-1024x218.png 1024w, https:\/\/www.gase-hildebrandt.de\/wp-content\/uploads\/2020\/02\/airproducts_logo-768x163.png 768w, https:\/\/www.gase-hildebrandt.de\/wp-content\/uploads\/2020\/02\/airproducts_logo-500x106.png 500w, https:\/\/www.gase-hildebrandt.de\/wp-content\/uploads\/2020\/02\/airproducts_logo.png 1330w\" sizes=\"(max-width: 300px) 100vw, 300px\" \/>\t\t\t\t\t\t\t\t<\/a>\n\t\t\t\t\t\t\t\t\t\t\t\t\t\t\t<\/div>\n\t\t\t\t<\/div>\n\t\t\t\t\t<\/div>\n\t\t<\/div>\n\t\t\t\t\t<\/div>\n\t\t<\/section>\n\t\t\t\t\t<\/div>\n\t\t<\/div>\n\t\t\t\t\t<\/div>\n\t\t<\/section>\n\t\t\t\t<section class=\"elementor-section elementor-top-section elementor-element elementor-element-ac91e54 elementor-section-boxed elementor-section-height-default elementor-section-height-default\" data-id=\"ac91e54\" data-element_type=\"section\" data-e-type=\"section\">\n\t\t\t\t\t\t<div class=\"elementor-container elementor-column-gap-default\">\n\t\t\t\t\t<div class=\"elementor-column elementor-col-100 elementor-top-column elementor-element elementor-element-a2f5ab5\" data-id=\"a2f5ab5\" data-element_type=\"column\" data-e-type=\"column\">\n\t\t\t<div class=\"elementor-widget-wrap elementor-element-populated\">\n\t\t\t\t\t\t<div class=\"elementor-element elementor-element-47a61a9 elementor-widget elementor-widget-text-editor\" data-id=\"47a61a9\" data-element_type=\"widget\" data-e-type=\"widget\" data-widget_type=\"text-editor.default\">\n\t\t\t\t<div class=\"elementor-widget-container\">\n\t\t\t\t\t\t\t\t\t<p>Anschrift: Schlachthofstr. 24 B \u2022 06667 Wei\u00dfenfels \u2022 Tel. 03443\/208812 \u2022 info@gase-hildebrandt.de<\/p>\t\t\t\t\t\t\t\t<\/div>\n\t\t\t\t<\/div>\n\t\t\t\t\t<\/div>\n\t\t<\/div>\n\t\t\t\t\t<\/div>\n\t\t<\/section>\n\t\t\t\t<\/div>\n\t\t","protected":false},"excerpt":{"rendered":"<p>Startseite Unsere Firma Gasangebot Katalog alt Kontakt Impressum und Datenschutz X &nbsp; &nbsp; &nbsp; &nbsp; &nbsp;Unser Zubeh\u00f6r &#8211; Katalog Elektroschwei\u00dfen WIG-Schwei\u00dfen MIG-MAG &#8211; Schwei\u00dfen Autogenschwei\u00dfen Druckminderer und Zubeh\u00f6r Trennmittel &amp; Spray Stahlflaschen und Trockeneis Propanger\u00e4te Fl\u00fcssiggasger\u00e4te Arbeitsschutz Schleifwerkzeuge Werkzeuge und &hellip; <a href=\"https:\/\/www.gase-hildebrandt.de\/index.php\/katalog-3\/\">Weiterlesen <span class=\"meta-nav\">&rarr;<\/span><\/a><\/p>\n","protected":false},"author":2,"featured_media":0,"parent":0,"menu_order":0,"comment_status":"closed","ping_status":"closed","template":"elementor_canvas","meta":{"footnotes":""},"class_list":["post-1661","page","type-page","status-publish","hentry"],"_links":{"self":[{"href":"https:\/\/www.gase-hildebrandt.de\/index.php\/wp-json\/wp\/v2\/pages\/1661","targetHints":{"allow":["GET"]}}],"collection":[{"href":"https:\/\/www.gase-hildebrandt.de\/index.php\/wp-json\/wp\/v2\/pages"}],"about":[{"href":"https:\/\/www.gase-hildebrandt.de\/index.php\/wp-json\/wp\/v2\/types\/page"}],"author":[{"embeddable":true,"href":"https:\/\/www.gase-hildebrandt.de\/index.php\/wp-json\/wp\/v2\/users\/2"}],"replies":[{"embeddable":true,"href":"https:\/\/www.gase-hildebrandt.de\/index.php\/wp-json\/wp\/v2\/comments?post=1661"}],"version-history":[{"count":2,"href":"https:\/\/www.gase-hildebrandt.de\/index.php\/wp-json\/wp\/v2\/pages\/1661\/revisions"}],"predecessor-version":[{"id":1706,"href":"https:\/\/www.gase-hildebrandt.de\/index.php\/wp-json\/wp\/v2\/pages\/1661\/revisions\/1706"}],"wp:attachment":[{"href":"https:\/\/www.gase-hildebrandt.de\/index.php\/wp-json\/wp\/v2\/media?parent=1661"}],"curies":[{"name":"wp","href":"https:\/\/api.w.org\/{rel}","templated":true}]}}