{"id":155,"date":"2020-02-28T12:34:31","date_gmt":"2020-02-28T12:34:31","guid":{"rendered":"https:\/\/gase-hildebrandt.de\/?page_id=155"},"modified":"2023-03-03T08:41:32","modified_gmt":"2023-03-03T08:41:32","slug":"farben","status":"publish","type":"page","link":"https:\/\/www.gase-hildebrandt.de\/index.php\/farben\/","title":{"rendered":"Farben"},"content":{"rendered":"\t\t<div data-elementor-type=\"wp-page\" data-elementor-id=\"155\" class=\"elementor elementor-155\">\n\t\t\t\t\t\t<section class=\"elementor-section elementor-top-section elementor-element elementor-element-3575440 elementor-section-boxed elementor-section-height-default elementor-section-height-default\" data-id=\"3575440\" data-element_type=\"section\" data-e-type=\"section\">\n\t\t\t\t\t\t<div class=\"elementor-container elementor-column-gap-default\">\n\t\t\t\t\t<div class=\"elementor-column elementor-col-100 elementor-top-column elementor-element elementor-element-d027a5f\" data-id=\"d027a5f\" data-element_type=\"column\" data-e-type=\"column\">\n\t\t\t<div class=\"elementor-widget-wrap elementor-element-populated\">\n\t\t\t\t\t\t<div class=\"elementor-element elementor-element-b52d59c elementor-widget elementor-widget-image\" data-id=\"b52d59c\" data-element_type=\"widget\" data-e-type=\"widget\" data-widget_type=\"image.default\">\n\t\t\t\t<div class=\"elementor-widget-container\">\n\t\t\t\t\t\t\t\t\t\t\t\t\t\t\t<img decoding=\"async\" src=\"https:\/\/gase-hildebrandt.de\/wp-content\/uploads\/2020\/02\/header_1140_01.png\" title=\"\" alt=\"\" loading=\"lazy\" \/>\t\t\t\t\t\t\t\t\t\t\t\t\t\t\t<\/div>\n\t\t\t\t<\/div>\n\t\t\t\t\t<\/div>\n\t\t<\/div>\n\t\t\t\t\t<\/div>\n\t\t<\/section>\n\t\t\t\t<section class=\"elementor-section elementor-top-section elementor-element elementor-element-29867a7 elementor-section-boxed elementor-section-height-default elementor-section-height-default\" data-id=\"29867a7\" data-element_type=\"section\" data-e-type=\"section\">\n\t\t\t\t\t\t<div class=\"elementor-container elementor-column-gap-default\">\n\t\t\t\t\t<div class=\"elementor-column elementor-col-100 elementor-top-column elementor-element elementor-element-4e06a01 elementor-hidden-tablet elementor-hidden-phone\" data-id=\"4e06a01\" data-element_type=\"column\" data-e-type=\"column\" data-settings=\"{&quot;background_background&quot;:&quot;classic&quot;}\">\n\t\t\t<div class=\"elementor-widget-wrap elementor-element-populated\">\n\t\t\t\t\t\t<div class=\"elementor-element elementor-element-c9361b2 elementor-widget elementor-widget-ekit-nav-menu\" data-id=\"c9361b2\" data-element_type=\"widget\" data-e-type=\"widget\" data-widget_type=\"ekit-nav-menu.default\">\n\t\t\t\t<div class=\"elementor-widget-container\">\n\t\t\t\t\t\t\t<nav class=\"ekit-wid-con ekit_menu_responsive_tablet\"\n\t\t\tdata-hamburger-icon=\"\"\n\t\t\tdata-hamburger-icon-type=\"icon\"\n\t\t\tdata-responsive-breakpoint=\"1024\">\n\t\t\t            <button class=\"elementskit-menu-hamburger elementskit-menu-toggler\"  type=\"button\" aria-label=\"hamburger-icon\">\n                                    <span class=\"elementskit-menu-hamburger-icon\"><\/span><span class=\"elementskit-menu-hamburger-icon\"><\/span><span class=\"elementskit-menu-hamburger-icon\"><\/span>\n                            <\/button>\n            <div id=\"ekit-megamenu-menu-1\" class=\"elementskit-menu-container elementskit-menu-offcanvas-elements elementskit-navbar-nav-default ekit-nav-menu-one-page-no ekit-nav-dropdown-hover\"><ul id=\"menu-menu-1\" class=\"elementskit-navbar-nav elementskit-menu-po-left submenu-click-on-icon\"><li id=\"menu-item-59\" class=\"menu-item menu-item-type-post_type menu-item-object-page menu-item-home menu-item-59 nav-item elementskit-mobile-builder-content\" data-vertical-menu=750px><a href=\"https:\/\/www.gase-hildebrandt.de\/\" class=\"ekit-menu-nav-link\">Startseite<\/a><\/li>\n<li id=\"menu-item-140\" class=\"menu-item menu-item-type-post_type menu-item-object-page menu-item-140 nav-item elementskit-mobile-builder-content\" data-vertical-menu=750px><a href=\"https:\/\/www.gase-hildebrandt.de\/index.php\/unsere-firma\/\" class=\"ekit-menu-nav-link\">Unsere Firma<\/a><\/li>\n<li id=\"menu-item-141\" class=\"menu-item menu-item-type-post_type menu-item-object-page menu-item-141 nav-item elementskit-mobile-builder-content\" data-vertical-menu=750px><a href=\"https:\/\/www.gase-hildebrandt.de\/index.php\/ueberuns\/\" class=\"ekit-menu-nav-link\">Gasangebot<\/a><\/li>\n<li id=\"menu-item-1664\" class=\"menu-item menu-item-type-post_type menu-item-object-page menu-item-1664 nav-item elementskit-mobile-builder-content\" data-vertical-menu=750px><a href=\"https:\/\/www.gase-hildebrandt.de\/index.php\/katalog-3\/\" class=\"ekit-menu-nav-link\">Katalog<\/a><\/li>\n<li id=\"menu-item-138\" class=\"menu-item menu-item-type-post_type menu-item-object-page menu-item-138 nav-item elementskit-mobile-builder-content\" data-vertical-menu=750px><a href=\"https:\/\/www.gase-hildebrandt.de\/index.php\/kontakt\/\" class=\"ekit-menu-nav-link\">Kontakt<\/a><\/li>\n<li id=\"menu-item-137\" class=\"menu-item menu-item-type-post_type menu-item-object-page menu-item-137 nav-item elementskit-mobile-builder-content\" data-vertical-menu=750px><a href=\"https:\/\/www.gase-hildebrandt.de\/index.php\/impressum-und-datenschutz\/\" class=\"ekit-menu-nav-link\">Impressum und Datenschutz<\/a><\/li>\n<\/ul><div class=\"elementskit-nav-identity-panel\"><button class=\"elementskit-menu-close elementskit-menu-toggler\" type=\"button\">X<\/button><\/div><\/div>\n\t\t\t<div class=\"elementskit-menu-overlay elementskit-menu-offcanvas-elements elementskit-menu-toggler ekit-nav-menu--overlay\"><\/div>        <\/nav>\n\t\t\t\t\t\t<\/div>\n\t\t\t\t<\/div>\n\t\t\t\t\t<\/div>\n\t\t<\/div>\n\t\t\t\t\t<\/div>\n\t\t<\/section>\n\t\t\t\t<section class=\"elementor-section elementor-top-section elementor-element elementor-element-9e90688 elementor-section-boxed elementor-section-height-default elementor-section-height-default\" data-id=\"9e90688\" data-element_type=\"section\" data-e-type=\"section\">\n\t\t\t\t\t\t<div class=\"elementor-container elementor-column-gap-default\">\n\t\t\t\t\t<div class=\"elementor-column elementor-col-100 elementor-top-column elementor-element elementor-element-2f4e7b9\" data-id=\"2f4e7b9\" data-element_type=\"column\" data-e-type=\"column\" data-settings=\"{&quot;background_background&quot;:&quot;classic&quot;}\">\n\t\t\t<div class=\"elementor-widget-wrap elementor-element-populated\">\n\t\t\t\t\t\t<div class=\"elementor-element elementor-element-e2a1bb4 elementor-widget elementor-widget-heading\" data-id=\"e2a1bb4\" data-element_type=\"widget\" data-e-type=\"widget\" data-widget_type=\"heading.default\">\n\t\t\t\t<div class=\"elementor-widget-container\">\n\t\t\t\t\t<h2 class=\"elementor-heading-title elementor-size-default\">Informationen zum Gaseangebot<\/h2>\t\t\t\t<\/div>\n\t\t\t\t<\/div>\n\t\t\t\t<div class=\"elementor-element elementor-element-72dc472 elementor-widget elementor-widget-text-editor\" data-id=\"72dc472\" data-element_type=\"widget\" data-e-type=\"widget\" data-widget_type=\"text-editor.default\">\n\t\t\t\t<div class=\"elementor-widget-container\">\n\t\t\t\t\t\t\t\t\t<p>Nach Euro-Norm<strong> DIN EN 1089-3<\/strong> (vom Juli 1997) sind Gasflaschen neu zu kennzeichnen. Eine \u00dcbergangsregelung galt bis zum 01.06. 2006.<\/p><p>Wegen der gro\u00dfen Anzahl der sich im Umlauf befindenden Gasflaschen, wurde mit der Umstellung am 01.01.1998 begonnen. Diese wurde bis zum 01.06.2006 abgeschlossen.Durch die Markierung der neuen Farbkennzeichnung mit dem Gro\u00dfbuchstaben &#8222;N&#8220; (Neu, New, Nouveau) auf der Gasflaschenschulter und durch die unterschiedlichen Ventilanschl\u00fcsse nach DIN 477 f\u00fcr verschiedene Gasarten, sollen Verwechslungen ausgeschlossen werden.<\/p><p><strong>Wichtiger Hinweis:<\/strong><br \/>Die einzige verbindliche Kennzeichnung des Gasinhaltes erfolgt auf dem<b> Gefahrgutaufkleber<\/b>. Die Farbkennzeichnung dient als zus\u00e4tzliche Information \u00fcber die Eigenschaften der Gase (brennbar, oxidierend, giftig usw.). Sie ist bereits erkennbar, wenn der Gefahrgutaufkleber wegen zu gro\u00dfer Entfernung noch nicht lesbar ist.<\/p>\t\t\t\t\t\t\t\t<\/div>\n\t\t\t\t<\/div>\n\t\t\t\t<div class=\"elementor-element elementor-element-32fefa5 elementor-widget elementor-widget-heading\" data-id=\"32fefa5\" data-element_type=\"widget\" data-e-type=\"widget\" data-widget_type=\"heading.default\">\n\t\t\t\t<div class=\"elementor-widget-container\">\n\t\t\t\t\t<h2 class=\"elementor-heading-title elementor-size-default\">Alte und neue Farbgebung am Beispiel Reingase\/Gasgemische f\u00fcr industriellen Einsatz<\/h2>\t\t\t\t<\/div>\n\t\t\t\t<\/div>\n\t\t\t\t<div class=\"elementor-element elementor-element-3ee4fbe elementor-widget elementor-widget-image\" data-id=\"3ee4fbe\" data-element_type=\"widget\" data-e-type=\"widget\" data-widget_type=\"image.default\">\n\t\t\t\t<div class=\"elementor-widget-container\">\n\t\t\t\t\t\t\t\t\t\t\t\t\t\t\t<img fetchpriority=\"high\" decoding=\"async\" width=\"553\" height=\"779\" src=\"https:\/\/www.gase-hildebrandt.de\/wp-content\/uploads\/2020\/02\/farbgebung01.jpg\" class=\"attachment-full size-full wp-image-197\" alt=\"\" srcset=\"https:\/\/www.gase-hildebrandt.de\/wp-content\/uploads\/2020\/02\/farbgebung01.jpg 553w, https:\/\/www.gase-hildebrandt.de\/wp-content\/uploads\/2020\/02\/farbgebung01-213x300.jpg 213w\" sizes=\"(max-width: 553px) 100vw, 553px\" \/>\t\t\t\t\t\t\t\t\t\t\t\t\t\t\t<\/div>\n\t\t\t\t<\/div>\n\t\t\t\t<div class=\"elementor-element elementor-element-23394ce elementor-widget elementor-widget-text-editor\" data-id=\"23394ce\" data-element_type=\"widget\" data-e-type=\"widget\" data-widget_type=\"text-editor.default\">\n\t\t\t\t<div class=\"elementor-widget-container\">\n\t\t\t\t\t\t\t\t\t<p>Der zylindrische Flaschenmantel kann verschiedene Farben aufweisen, von denen eine farblich dargestellt ist und die andere(n) in Klammern erw\u00e4hnt ist (sind).<\/p>\t\t\t\t\t\t\t\t<\/div>\n\t\t\t\t<\/div>\n\t\t\t\t<div class=\"elementor-element elementor-element-915d55a elementor-widget elementor-widget-heading\" data-id=\"915d55a\" data-element_type=\"widget\" data-e-type=\"widget\" data-widget_type=\"heading.default\">\n\t\t\t\t<div class=\"elementor-widget-container\">\n\t\t\t\t\t<h2 class=\"elementor-heading-title elementor-size-default\">Alte und neue Farbgebung am Beispiel Reingase\/Gasgemische f\u00fcr medizinischen Gebrauch und Inhalation<\/h2>\t\t\t\t<\/div>\n\t\t\t\t<\/div>\n\t\t\t\t<div class=\"elementor-element elementor-element-40cef9d elementor-widget elementor-widget-image\" data-id=\"40cef9d\" data-element_type=\"widget\" data-e-type=\"widget\" data-widget_type=\"image.default\">\n\t\t\t\t<div class=\"elementor-widget-container\">\n\t\t\t\t\t\t\t\t\t\t\t\t\t\t\t<img decoding=\"async\" width=\"553\" height=\"511\" src=\"https:\/\/www.gase-hildebrandt.de\/wp-content\/uploads\/2020\/02\/farbgebung02.jpg\" class=\"attachment-full size-full wp-image-198\" alt=\"\" srcset=\"https:\/\/www.gase-hildebrandt.de\/wp-content\/uploads\/2020\/02\/farbgebung02.jpg 553w, https:\/\/www.gase-hildebrandt.de\/wp-content\/uploads\/2020\/02\/farbgebung02-300x277.jpg 300w, https:\/\/www.gase-hildebrandt.de\/wp-content\/uploads\/2020\/02\/farbgebung02-325x300.jpg 325w\" sizes=\"(max-width: 553px) 100vw, 553px\" \/>\t\t\t\t\t\t\t\t\t\t\t\t\t\t\t<\/div>\n\t\t\t\t<\/div>\n\t\t\t\t<div class=\"elementor-element elementor-element-f4ae29b elementor-widget elementor-widget-text-editor\" data-id=\"f4ae29b\" data-element_type=\"widget\" data-e-type=\"widget\" data-widget_type=\"text-editor.default\">\n\t\t\t\t<div class=\"elementor-widget-container\">\n\t\t\t\t\t\t\t\t\t<p>Der zylindrische Flaschenmantel ist bei Gasen f\u00fcr medizinischen Gebrauch und Inhalation immer wei\u00df.<\/p>\t\t\t\t\t\t\t\t<\/div>\n\t\t\t\t<\/div>\n\t\t\t\t<div class=\"elementor-element elementor-element-0658f91 elementor-widget elementor-widget-spacer\" data-id=\"0658f91\" data-element_type=\"widget\" data-e-type=\"widget\" data-widget_type=\"spacer.default\">\n\t\t\t\t<div class=\"elementor-widget-container\">\n\t\t\t\t\t\t\t<div class=\"elementor-spacer\">\n\t\t\t<div class=\"elementor-spacer-inner\"><\/div>\n\t\t<\/div>\n\t\t\t\t\t\t<\/div>\n\t\t\t\t<\/div>\n\t\t\t\t<div class=\"elementor-element elementor-element-9f4b5b7 elementor-widget elementor-widget-image\" data-id=\"9f4b5b7\" data-element_type=\"widget\" data-e-type=\"widget\" data-widget_type=\"image.default\">\n\t\t\t\t<div class=\"elementor-widget-container\">\n\t\t\t\t\t\t\t\t\t\t\t\t\t\t\t<img decoding=\"async\" width=\"553\" height=\"573\" src=\"https:\/\/www.gase-hildebrandt.de\/wp-content\/uploads\/2020\/02\/farbgebung03.jpg\" class=\"attachment-full size-full wp-image-199\" alt=\"\" srcset=\"https:\/\/www.gase-hildebrandt.de\/wp-content\/uploads\/2020\/02\/farbgebung03.jpg 553w, https:\/\/www.gase-hildebrandt.de\/wp-content\/uploads\/2020\/02\/farbgebung03-290x300.jpg 290w\" sizes=\"(max-width: 553px) 100vw, 553px\" \/>\t\t\t\t\t\t\t\t\t\t\t\t\t\t\t<\/div>\n\t\t\t\t<\/div>\n\t\t\t\t<div class=\"elementor-element elementor-element-1a6bb36 elementor-widget-divider--view-line elementor-widget elementor-widget-divider\" data-id=\"1a6bb36\" data-element_type=\"widget\" data-e-type=\"widget\" data-widget_type=\"divider.default\">\n\t\t\t\t<div class=\"elementor-widget-container\">\n\t\t\t\t\t\t\t<div class=\"elementor-divider\">\n\t\t\t<span class=\"elementor-divider-separator\">\n\t\t\t\t\t\t<\/span>\n\t\t<\/div>\n\t\t\t\t\t\t<\/div>\n\t\t\t\t<\/div>\n\t\t\t\t<div class=\"elementor-element elementor-element-bd9c29c elementor-widget elementor-widget-text-editor\" data-id=\"bd9c29c\" data-element_type=\"widget\" data-e-type=\"widget\" data-widget_type=\"text-editor.default\">\n\t\t\t\t<div class=\"elementor-widget-container\">\n\t\t\t\t\t\t\t\t\t<p>Der dargestellte Gefahrgutaufkleber erf\u00fcllt die Anforderungen der Transportvorschriften (GGVS\/GGVE) und enth\u00e4lt, z.B. f\u00fcr technischen Sauerstoff, die nachfolgend erl\u00e4uterten Informationen:<\/p>\t\t\t\t\t\t\t\t<\/div>\n\t\t\t\t<\/div>\n\t\t\t\t<div class=\"elementor-element elementor-element-6b21ae6 elementor-widget elementor-widget-image\" data-id=\"6b21ae6\" data-element_type=\"widget\" data-e-type=\"widget\" data-widget_type=\"image.default\">\n\t\t\t\t<div class=\"elementor-widget-container\">\n\t\t\t\t\t\t\t\t\t\t\t\t\t\t\t<img loading=\"lazy\" decoding=\"async\" width=\"553\" height=\"256\" src=\"https:\/\/www.gase-hildebrandt.de\/wp-content\/uploads\/2020\/02\/farbgebung04.jpg\" class=\"attachment-full size-full wp-image-196\" alt=\"\" srcset=\"https:\/\/www.gase-hildebrandt.de\/wp-content\/uploads\/2020\/02\/farbgebung04.jpg 553w, https:\/\/www.gase-hildebrandt.de\/wp-content\/uploads\/2020\/02\/farbgebung04-300x139.jpg 300w, https:\/\/www.gase-hildebrandt.de\/wp-content\/uploads\/2020\/02\/farbgebung04-500x231.jpg 500w\" sizes=\"(max-width: 553px) 100vw, 553px\" \/>\t\t\t\t\t\t\t\t\t\t\t\t\t\t\t<\/div>\n\t\t\t\t<\/div>\n\t\t\t\t<div class=\"elementor-element elementor-element-77fd443 elementor-widget elementor-widget-text-editor\" data-id=\"77fd443\" data-element_type=\"widget\" data-e-type=\"widget\" data-widget_type=\"text-editor.default\">\n\t\t\t\t<div class=\"elementor-widget-container\">\n\t\t\t\t\t\t\t\t\t<ol><li>Risiko<\/li><li>Gefahrzettel<\/li><li>Zusammensetzung des Gases bzw. des Gasgemisches<\/li><li>Produktbezeichnung des Herstellers<\/li><li>EWG-Nummer bei Einzelstoffen oder das Wort &#8222;Gasgemisch&#8220;<\/li><li>Vollst\u00e4ndige Gasbenennung nach GGVS<\/li><li>Herstellerhinweis<\/li><li>Name, Anschrift und Telefonnummer des Herstellers<\/li><\/ol>\t\t\t\t\t\t\t\t<\/div>\n\t\t\t\t<\/div>\n\t\t\t\t<div class=\"elementor-element elementor-element-f7a24ff elementor-widget-divider--view-line elementor-widget elementor-widget-divider\" data-id=\"f7a24ff\" data-element_type=\"widget\" data-e-type=\"widget\" data-widget_type=\"divider.default\">\n\t\t\t\t<div class=\"elementor-widget-container\">\n\t\t\t\t\t\t\t<div class=\"elementor-divider\">\n\t\t\t<span class=\"elementor-divider-separator\">\n\t\t\t\t\t\t<\/span>\n\t\t<\/div>\n\t\t\t\t\t\t<\/div>\n\t\t\t\t<\/div>\n\t\t\t\t<div class=\"elementor-element elementor-element-5489401 elementor-widget elementor-widget-text-editor\" data-id=\"5489401\" data-element_type=\"widget\" data-e-type=\"widget\" data-widget_type=\"text-editor.default\">\n\t\t\t\t<div class=\"elementor-widget-container\">\n\t\t\t\t\t\t\t\t\t<p><strong>Disclaimer: <\/strong>Die auf dieser Seite ver\u00f6ffentlichten Angaben entsprechen dem Stand des technischen Wissens zum Zeitpunkt der Herausgabe. Der Verwender muss die Anwendbarkeit auf seinen Fall und die Aktualit\u00e4t der ihm vorliegenden Fassung in Eigenverantwortung pr\u00fcfen. Eine Haftung unserer Firma sowie derjenigen, die an der Ausarbeitung beteiligt waren, ist ausgeschlossen.<\/p>\t\t\t\t\t\t\t\t<\/div>\n\t\t\t\t<\/div>\n\t\t\t\t<div class=\"elementor-element elementor-element-2e57854 elementor-widget elementor-widget-spacer\" data-id=\"2e57854\" data-element_type=\"widget\" data-e-type=\"widget\" data-widget_type=\"spacer.default\">\n\t\t\t\t<div class=\"elementor-widget-container\">\n\t\t\t\t\t\t\t<div class=\"elementor-spacer\">\n\t\t\t<div class=\"elementor-spacer-inner\"><\/div>\n\t\t<\/div>\n\t\t\t\t\t\t<\/div>\n\t\t\t\t<\/div>\n\t\t\t\t<section class=\"elementor-section elementor-inner-section elementor-element elementor-element-805a43c elementor-section-boxed elementor-section-height-default elementor-section-height-default\" data-id=\"805a43c\" data-element_type=\"section\" data-e-type=\"section\">\n\t\t\t\t\t\t<div class=\"elementor-container elementor-column-gap-default\">\n\t\t\t\t\t<div class=\"elementor-column elementor-col-50 elementor-inner-column elementor-element elementor-element-5da8852\" data-id=\"5da8852\" data-element_type=\"column\" data-e-type=\"column\">\n\t\t\t<div class=\"elementor-widget-wrap elementor-element-populated\">\n\t\t\t\t\t\t<div class=\"elementor-element elementor-element-304ff9a elementor-widget elementor-widget-image\" data-id=\"304ff9a\" data-element_type=\"widget\" data-e-type=\"widget\" data-widget_type=\"image.default\">\n\t\t\t\t<div class=\"elementor-widget-container\">\n\t\t\t\t\t\t\t\t\t\t\t\t\t\t\t\t<a href=\"https:\/\/gase-hildebrandt.de\/index.php\/autogas\/\">\n\t\t\t\t\t\t\t<img loading=\"lazy\" decoding=\"async\" width=\"300\" height=\"54\" src=\"https:\/\/www.gase-hildebrandt.de\/wp-content\/uploads\/2020\/02\/autogas-300x54.png\" class=\"attachment-medium size-medium wp-image-77\" alt=\"\" srcset=\"https:\/\/www.gase-hildebrandt.de\/wp-content\/uploads\/2020\/02\/autogas-300x54.png 300w, https:\/\/www.gase-hildebrandt.de\/wp-content\/uploads\/2020\/02\/autogas-500x90.png 500w, https:\/\/www.gase-hildebrandt.de\/wp-content\/uploads\/2020\/02\/autogas.png 539w\" sizes=\"(max-width: 300px) 100vw, 300px\" \/>\t\t\t\t\t\t\t\t<\/a>\n\t\t\t\t\t\t\t\t\t\t\t\t\t\t\t<\/div>\n\t\t\t\t<\/div>\n\t\t\t\t\t<\/div>\n\t\t<\/div>\n\t\t\t\t<div class=\"elementor-column elementor-col-50 elementor-inner-column elementor-element elementor-element-399548d\" data-id=\"399548d\" data-element_type=\"column\" data-e-type=\"column\">\n\t\t\t<div class=\"elementor-widget-wrap elementor-element-populated\">\n\t\t\t\t\t\t<div class=\"elementor-element elementor-element-4cc759b elementor-widget elementor-widget-image\" data-id=\"4cc759b\" data-element_type=\"widget\" data-e-type=\"widget\" data-widget_type=\"image.default\">\n\t\t\t\t<div class=\"elementor-widget-container\">\n\t\t\t\t\t\t\t\t\t\t\t\t\t\t\t\t<a href=\"http:\/\/www.airproducts.de\" target=\"_blank\">\n\t\t\t\t\t\t\t<img loading=\"lazy\" decoding=\"async\" width=\"300\" height=\"64\" src=\"https:\/\/www.gase-hildebrandt.de\/wp-content\/uploads\/2020\/02\/airproducts_logo-300x64.png\" class=\"attachment-medium size-medium wp-image-76\" alt=\"\" srcset=\"https:\/\/www.gase-hildebrandt.de\/wp-content\/uploads\/2020\/02\/airproducts_logo-300x64.png 300w, https:\/\/www.gase-hildebrandt.de\/wp-content\/uploads\/2020\/02\/airproducts_logo-1024x218.png 1024w, https:\/\/www.gase-hildebrandt.de\/wp-content\/uploads\/2020\/02\/airproducts_logo-768x163.png 768w, https:\/\/www.gase-hildebrandt.de\/wp-content\/uploads\/2020\/02\/airproducts_logo-500x106.png 500w, https:\/\/www.gase-hildebrandt.de\/wp-content\/uploads\/2020\/02\/airproducts_logo.png 1330w\" sizes=\"(max-width: 300px) 100vw, 300px\" \/>\t\t\t\t\t\t\t\t<\/a>\n\t\t\t\t\t\t\t\t\t\t\t\t\t\t\t<\/div>\n\t\t\t\t<\/div>\n\t\t\t\t\t<\/div>\n\t\t<\/div>\n\t\t\t\t\t<\/div>\n\t\t<\/section>\n\t\t\t\t\t<\/div>\n\t\t<\/div>\n\t\t\t\t\t<\/div>\n\t\t<\/section>\n\t\t\t\t<section class=\"elementor-section elementor-top-section elementor-element elementor-element-7d0c614 elementor-section-boxed elementor-section-height-default elementor-section-height-default\" data-id=\"7d0c614\" data-element_type=\"section\" data-e-type=\"section\">\n\t\t\t\t\t\t<div class=\"elementor-container elementor-column-gap-default\">\n\t\t\t\t\t<div class=\"elementor-column elementor-col-100 elementor-top-column elementor-element elementor-element-c5a1a70\" data-id=\"c5a1a70\" data-element_type=\"column\" data-e-type=\"column\">\n\t\t\t<div class=\"elementor-widget-wrap elementor-element-populated\">\n\t\t\t\t\t\t<div class=\"elementor-element elementor-element-2d76407 elementor-widget elementor-widget-text-editor\" data-id=\"2d76407\" data-element_type=\"widget\" data-e-type=\"widget\" data-widget_type=\"text-editor.default\">\n\t\t\t\t<div class=\"elementor-widget-container\">\n\t\t\t\t\t\t\t\t\t<p>Anschrift: Schlachthofstr. 24 B \u2022 06667 Wei\u00dfenfels \u2022 Tel. 03443\/208812 \u2022 info@gase-hildebrandt.de<\/p>\t\t\t\t\t\t\t\t<\/div>\n\t\t\t\t<\/div>\n\t\t\t\t\t<\/div>\n\t\t<\/div>\n\t\t\t\t\t<\/div>\n\t\t<\/section>\n\t\t\t\t<\/div>\n\t\t","protected":false},"excerpt":{"rendered":"<p>Startseite Unsere Firma Gasangebot Katalog Kontakt Impressum und Datenschutz X Informationen zum Gaseangebot Nach Euro-Norm DIN EN 1089-3 (vom Juli 1997) sind Gasflaschen neu zu kennzeichnen. Eine \u00dcbergangsregelung galt bis zum 01.06. 2006. Wegen der gro\u00dfen Anzahl der sich im &hellip; <a href=\"https:\/\/www.gase-hildebrandt.de\/index.php\/farben\/\">Weiterlesen <span class=\"meta-nav\">&rarr;<\/span><\/a><\/p>\n","protected":false},"author":1,"featured_media":0,"parent":0,"menu_order":0,"comment_status":"closed","ping_status":"closed","template":"elementor_canvas","meta":{"footnotes":""},"class_list":["post-155","page","type-page","status-publish","hentry"],"_links":{"self":[{"href":"https:\/\/www.gase-hildebrandt.de\/index.php\/wp-json\/wp\/v2\/pages\/155","targetHints":{"allow":["GET"]}}],"collection":[{"href":"https:\/\/www.gase-hildebrandt.de\/index.php\/wp-json\/wp\/v2\/pages"}],"about":[{"href":"https:\/\/www.gase-hildebrandt.de\/index.php\/wp-json\/wp\/v2\/types\/page"}],"author":[{"embeddable":true,"href":"https:\/\/www.gase-hildebrandt.de\/index.php\/wp-json\/wp\/v2\/users\/1"}],"replies":[{"embeddable":true,"href":"https:\/\/www.gase-hildebrandt.de\/index.php\/wp-json\/wp\/v2\/comments?post=155"}],"version-history":[{"count":16,"href":"https:\/\/www.gase-hildebrandt.de\/index.php\/wp-json\/wp\/v2\/pages\/155\/revisions"}],"predecessor-version":[{"id":1612,"href":"https:\/\/www.gase-hildebrandt.de\/index.php\/wp-json\/wp\/v2\/pages\/155\/revisions\/1612"}],"wp:attachment":[{"href":"https:\/\/www.gase-hildebrandt.de\/index.php\/wp-json\/wp\/v2\/media?parent=155"}],"curies":[{"name":"wp","href":"https:\/\/api.w.org\/{rel}","templated":true}]}}