{"id":143,"date":"2020-02-28T12:14:11","date_gmt":"2020-02-28T12:14:11","guid":{"rendered":"https:\/\/gase-hildebrandt.de\/?page_id=143"},"modified":"2023-03-15T08:47:46","modified_gmt":"2023-03-15T08:47:46","slug":"trockeneis","status":"publish","type":"page","link":"https:\/\/www.gase-hildebrandt.de\/index.php\/trockeneis\/","title":{"rendered":"Trockeneis"},"content":{"rendered":"\t\t<div data-elementor-type=\"wp-page\" data-elementor-id=\"143\" class=\"elementor elementor-143\">\n\t\t\t\t\t\t<section class=\"elementor-section elementor-top-section elementor-element elementor-element-3575440 elementor-section-boxed elementor-section-height-default elementor-section-height-default\" data-id=\"3575440\" data-element_type=\"section\" data-e-type=\"section\">\n\t\t\t\t\t\t<div class=\"elementor-container elementor-column-gap-default\">\n\t\t\t\t\t<div class=\"elementor-column elementor-col-100 elementor-top-column elementor-element elementor-element-d027a5f\" data-id=\"d027a5f\" data-element_type=\"column\" data-e-type=\"column\">\n\t\t\t<div class=\"elementor-widget-wrap elementor-element-populated\">\n\t\t\t\t\t\t<div class=\"elementor-element elementor-element-b52d59c elementor-widget elementor-widget-image\" data-id=\"b52d59c\" data-element_type=\"widget\" data-e-type=\"widget\" data-widget_type=\"image.default\">\n\t\t\t\t<div class=\"elementor-widget-container\">\n\t\t\t\t\t\t\t\t\t\t\t\t\t\t\t<img decoding=\"async\" src=\"https:\/\/gase-hildebrandt.de\/wp-content\/uploads\/2020\/02\/header_1140_01.png\" title=\"\" alt=\"\" loading=\"lazy\" \/>\t\t\t\t\t\t\t\t\t\t\t\t\t\t\t<\/div>\n\t\t\t\t<\/div>\n\t\t\t\t\t<\/div>\n\t\t<\/div>\n\t\t\t\t\t<\/div>\n\t\t<\/section>\n\t\t\t\t<section class=\"elementor-section elementor-top-section elementor-element elementor-element-d51de08 elementor-section-boxed elementor-section-height-default elementor-section-height-default\" data-id=\"d51de08\" data-element_type=\"section\" data-e-type=\"section\">\n\t\t\t\t\t\t<div class=\"elementor-container elementor-column-gap-default\">\n\t\t\t\t\t<div class=\"elementor-column elementor-col-100 elementor-top-column elementor-element elementor-element-1236bb6 elementor-hidden-tablet elementor-hidden-phone\" data-id=\"1236bb6\" data-element_type=\"column\" data-e-type=\"column\" data-settings=\"{&quot;background_background&quot;:&quot;classic&quot;}\">\n\t\t\t<div class=\"elementor-widget-wrap elementor-element-populated\">\n\t\t\t\t\t\t<div class=\"elementor-element elementor-element-7fec61a elementor-widget elementor-widget-ekit-nav-menu\" data-id=\"7fec61a\" data-element_type=\"widget\" data-e-type=\"widget\" data-widget_type=\"ekit-nav-menu.default\">\n\t\t\t\t<div class=\"elementor-widget-container\">\n\t\t\t\t\t\t\t<nav class=\"ekit-wid-con ekit_menu_responsive_tablet\"\n\t\t\tdata-hamburger-icon=\"\"\n\t\t\tdata-hamburger-icon-type=\"icon\"\n\t\t\tdata-responsive-breakpoint=\"1024\">\n\t\t\t            <button class=\"elementskit-menu-hamburger elementskit-menu-toggler\"  type=\"button\" aria-label=\"hamburger-icon\">\n                                    <span class=\"elementskit-menu-hamburger-icon\"><\/span><span class=\"elementskit-menu-hamburger-icon\"><\/span><span class=\"elementskit-menu-hamburger-icon\"><\/span>\n                            <\/button>\n            <div id=\"ekit-megamenu-menu-1\" class=\"elementskit-menu-container elementskit-menu-offcanvas-elements elementskit-navbar-nav-default ekit-nav-menu-one-page-no ekit-nav-dropdown-hover\"><ul id=\"menu-menu-1\" class=\"elementskit-navbar-nav elementskit-menu-po-left submenu-click-on-icon\"><li id=\"menu-item-59\" class=\"menu-item menu-item-type-post_type menu-item-object-page menu-item-home menu-item-59 nav-item elementskit-mobile-builder-content\" data-vertical-menu=750px><a href=\"https:\/\/www.gase-hildebrandt.de\/\" class=\"ekit-menu-nav-link\">Startseite<\/a><\/li>\n<li id=\"menu-item-140\" class=\"menu-item menu-item-type-post_type menu-item-object-page menu-item-140 nav-item elementskit-mobile-builder-content\" data-vertical-menu=750px><a href=\"https:\/\/www.gase-hildebrandt.de\/index.php\/unsere-firma\/\" class=\"ekit-menu-nav-link\">Unsere Firma<\/a><\/li>\n<li id=\"menu-item-141\" class=\"menu-item menu-item-type-post_type menu-item-object-page menu-item-141 nav-item elementskit-mobile-builder-content\" data-vertical-menu=750px><a href=\"https:\/\/www.gase-hildebrandt.de\/index.php\/ueberuns\/\" class=\"ekit-menu-nav-link\">Gasangebot<\/a><\/li>\n<li id=\"menu-item-1664\" class=\"menu-item menu-item-type-post_type menu-item-object-page menu-item-1664 nav-item elementskit-mobile-builder-content\" data-vertical-menu=750px><a href=\"https:\/\/www.gase-hildebrandt.de\/index.php\/katalog-3\/\" class=\"ekit-menu-nav-link\">Katalog<\/a><\/li>\n<li id=\"menu-item-138\" class=\"menu-item menu-item-type-post_type menu-item-object-page menu-item-138 nav-item elementskit-mobile-builder-content\" data-vertical-menu=750px><a href=\"https:\/\/www.gase-hildebrandt.de\/index.php\/kontakt\/\" class=\"ekit-menu-nav-link\">Kontakt<\/a><\/li>\n<li id=\"menu-item-137\" class=\"menu-item menu-item-type-post_type menu-item-object-page menu-item-137 nav-item elementskit-mobile-builder-content\" data-vertical-menu=750px><a href=\"https:\/\/www.gase-hildebrandt.de\/index.php\/impressum-und-datenschutz\/\" class=\"ekit-menu-nav-link\">Impressum und Datenschutz<\/a><\/li>\n<\/ul><div class=\"elementskit-nav-identity-panel\"><button class=\"elementskit-menu-close elementskit-menu-toggler\" type=\"button\">X<\/button><\/div><\/div>\n\t\t\t<div class=\"elementskit-menu-overlay elementskit-menu-offcanvas-elements elementskit-menu-toggler ekit-nav-menu--overlay\"><\/div>        <\/nav>\n\t\t\t\t\t\t<\/div>\n\t\t\t\t<\/div>\n\t\t\t\t\t<\/div>\n\t\t<\/div>\n\t\t\t\t\t<\/div>\n\t\t<\/section>\n\t\t\t\t<section class=\"elementor-section elementor-top-section elementor-element elementor-element-9e90688 elementor-section-boxed elementor-section-height-default elementor-section-height-default\" data-id=\"9e90688\" data-element_type=\"section\" data-e-type=\"section\">\n\t\t\t\t\t\t<div class=\"elementor-container elementor-column-gap-default\">\n\t\t\t\t\t<div class=\"elementor-column elementor-col-100 elementor-top-column elementor-element elementor-element-2f4e7b9\" data-id=\"2f4e7b9\" data-element_type=\"column\" data-e-type=\"column\" data-settings=\"{&quot;background_background&quot;:&quot;classic&quot;}\">\n\t\t\t<div class=\"elementor-widget-wrap elementor-element-populated\">\n\t\t\t\t\t\t<div class=\"elementor-element elementor-element-e2a1bb4 elementor-widget elementor-widget-heading\" data-id=\"e2a1bb4\" data-element_type=\"widget\" data-e-type=\"widget\" data-widget_type=\"heading.default\">\n\t\t\t\t<div class=\"elementor-widget-container\">\n\t\t\t\t\t<h2 class=\"elementor-heading-title elementor-size-default\">Trockeneis<\/h2>\t\t\t\t<\/div>\n\t\t\t\t<\/div>\n\t\t\t\t<div class=\"elementor-element elementor-element-72dc472 elementor-widget elementor-widget-text-editor\" data-id=\"72dc472\" data-element_type=\"widget\" data-e-type=\"widget\" data-widget_type=\"text-editor.default\">\n\t\t\t\t<div class=\"elementor-widget-container\">\n\t\t\t\t\t\t\t\t\t<p><b>TROCKENEIS<\/b> ist verdichtetes festes Kohlendioxid mit einer Temperatur von unter -78,5\u00b0C, welches sich bei Erw\u00e4rmung r\u00fcckstandslos aufl\u00f6st, also direkt vom festen in den gasf\u00f6rmigen Zustand \u00fcbergeht.<\/p><p>Es ist ungiftig, nicht brennbar und bakterienhemmend. Trockeneis wird \u00fcberwiegend als K\u00fchlmittel eingesetzt, findet jedoch auch immer h\u00e4ufiger Verwendung als Reinigungsmittel. Hierbei wird das Trockeneis mithilfe von Strahlger\u00e4ten auf die Verschmutzung aufgebracht. Die zu entfernende Schicht wird unterk\u00fchlt, das Trockeneis wird gasf\u00f6rmig und vergr\u00f6\u00dfert dabei sein Volumen. So wird der Schmutz von der Oberfl\u00e4che gesprengt.<\/p><p>Einer der Vorteile dieser Technik ist, da\u00df das Trockeneisstrahlen keine sekund\u00e4ren R\u00fcckst\u00e4nde (z.B. Sand) hinterl\u00e4\u00dft. Da die Oberfl\u00e4chen nicht besch\u00e4digt werden, ist so auch die Reinigung empfindlicher Bauteile (z.B. in der Elektronik) m\u00f6glich. Weitere Einsatzgebiete von Trockeneis findet man in der Industrie, der Medizin, der Biologie und der Veranstaltungstechnik.<\/p>\t\t\t\t\t\t\t\t<\/div>\n\t\t\t\t<\/div>\n\t\t\t\t<div class=\"elementor-element elementor-element-ebf8210 elementor-widget elementor-widget-spacer\" data-id=\"ebf8210\" data-element_type=\"widget\" data-e-type=\"widget\" data-widget_type=\"spacer.default\">\n\t\t\t\t<div class=\"elementor-widget-container\">\n\t\t\t\t\t\t\t<div class=\"elementor-spacer\">\n\t\t\t<div class=\"elementor-spacer-inner\"><\/div>\n\t\t<\/div>\n\t\t\t\t\t\t<\/div>\n\t\t\t\t<\/div>\n\t\t\t\t<div class=\"elementor-element elementor-element-0125acc elementor-widget elementor-widget-image\" data-id=\"0125acc\" data-element_type=\"widget\" data-e-type=\"widget\" data-widget_type=\"image.default\">\n\t\t\t\t<div class=\"elementor-widget-container\">\n\t\t\t\t\t\t\t\t\t\t\t\t\t\t\t<img decoding=\"async\" src=\"https:\/\/www.gase-hildebrandt.de\/wp-content\/uploads\/2020\/02\/trockeneis_1080-e1678869725458.jpg\" title=\"trockeneis_1080\" alt=\"trockeneis_1080\" loading=\"lazy\" \/>\t\t\t\t\t\t\t\t\t\t\t\t\t\t\t<\/div>\n\t\t\t\t<\/div>\n\t\t\t\t<div class=\"elementor-element elementor-element-590e350 elementor-widget elementor-widget-text-editor\" data-id=\"590e350\" data-element_type=\"widget\" data-e-type=\"widget\" data-widget_type=\"text-editor.default\">\n\t\t\t\t<div class=\"elementor-widget-container\">\n\t\t\t\t\t\t\t\t\t<p>\u00a0 \u00a0 \u00a0 \u00a0 \u00a0 \u00a0 Unser Kohlendioxid-Beh\u00e4lter zur Trockeneis-Herstellung<\/p>\t\t\t\t\t\t\t\t<\/div>\n\t\t\t\t<\/div>\n\t\t\t\t<div class=\"elementor-element elementor-element-2e57854 elementor-widget elementor-widget-spacer\" data-id=\"2e57854\" data-element_type=\"widget\" data-e-type=\"widget\" data-widget_type=\"spacer.default\">\n\t\t\t\t<div class=\"elementor-widget-container\">\n\t\t\t\t\t\t\t<div class=\"elementor-spacer\">\n\t\t\t<div class=\"elementor-spacer-inner\"><\/div>\n\t\t<\/div>\n\t\t\t\t\t\t<\/div>\n\t\t\t\t<\/div>\n\t\t\t\t<section class=\"elementor-section elementor-inner-section elementor-element elementor-element-805a43c elementor-section-boxed elementor-section-height-default elementor-section-height-default\" data-id=\"805a43c\" data-element_type=\"section\" data-e-type=\"section\">\n\t\t\t\t\t\t<div class=\"elementor-container elementor-column-gap-default\">\n\t\t\t\t\t<div class=\"elementor-column elementor-col-50 elementor-inner-column elementor-element elementor-element-5da8852\" data-id=\"5da8852\" data-element_type=\"column\" data-e-type=\"column\">\n\t\t\t<div class=\"elementor-widget-wrap elementor-element-populated\">\n\t\t\t\t\t\t<div class=\"elementor-element elementor-element-441e577 elementor-widget elementor-widget-image\" data-id=\"441e577\" data-element_type=\"widget\" data-e-type=\"widget\" data-widget_type=\"image.default\">\n\t\t\t\t<div class=\"elementor-widget-container\">\n\t\t\t\t\t\t\t\t\t\t\t\t\t\t\t\t<a href=\"https:\/\/gase-hildebrandt.de\/index.php\/autogas\/\">\n\t\t\t\t\t\t\t<img decoding=\"async\" width=\"300\" height=\"54\" src=\"https:\/\/www.gase-hildebrandt.de\/wp-content\/uploads\/2020\/02\/autogas-300x54.png\" class=\"attachment-medium size-medium wp-image-77\" alt=\"\" srcset=\"https:\/\/www.gase-hildebrandt.de\/wp-content\/uploads\/2020\/02\/autogas-300x54.png 300w, https:\/\/www.gase-hildebrandt.de\/wp-content\/uploads\/2020\/02\/autogas-500x90.png 500w, https:\/\/www.gase-hildebrandt.de\/wp-content\/uploads\/2020\/02\/autogas.png 539w\" sizes=\"(max-width: 300px) 100vw, 300px\" \/>\t\t\t\t\t\t\t\t<\/a>\n\t\t\t\t\t\t\t\t\t\t\t\t\t\t\t<\/div>\n\t\t\t\t<\/div>\n\t\t\t\t\t<\/div>\n\t\t<\/div>\n\t\t\t\t<div class=\"elementor-column elementor-col-50 elementor-inner-column elementor-element elementor-element-399548d\" data-id=\"399548d\" data-element_type=\"column\" data-e-type=\"column\">\n\t\t\t<div class=\"elementor-widget-wrap elementor-element-populated\">\n\t\t\t\t\t\t<div class=\"elementor-element elementor-element-4cc759b elementor-widget elementor-widget-image\" data-id=\"4cc759b\" data-element_type=\"widget\" data-e-type=\"widget\" data-widget_type=\"image.default\">\n\t\t\t\t<div class=\"elementor-widget-container\">\n\t\t\t\t\t\t\t\t\t\t\t\t\t\t\t\t<a href=\"http:\/\/www.airproducts.de\" target=\"_blank\">\n\t\t\t\t\t\t\t<img decoding=\"async\" width=\"300\" height=\"64\" src=\"https:\/\/www.gase-hildebrandt.de\/wp-content\/uploads\/2020\/02\/airproducts_logo-300x64.png\" class=\"attachment-medium size-medium wp-image-76\" alt=\"\" srcset=\"https:\/\/www.gase-hildebrandt.de\/wp-content\/uploads\/2020\/02\/airproducts_logo-300x64.png 300w, https:\/\/www.gase-hildebrandt.de\/wp-content\/uploads\/2020\/02\/airproducts_logo-1024x218.png 1024w, https:\/\/www.gase-hildebrandt.de\/wp-content\/uploads\/2020\/02\/airproducts_logo-768x163.png 768w, https:\/\/www.gase-hildebrandt.de\/wp-content\/uploads\/2020\/02\/airproducts_logo-500x106.png 500w, https:\/\/www.gase-hildebrandt.de\/wp-content\/uploads\/2020\/02\/airproducts_logo.png 1330w\" sizes=\"(max-width: 300px) 100vw, 300px\" \/>\t\t\t\t\t\t\t\t<\/a>\n\t\t\t\t\t\t\t\t\t\t\t\t\t\t\t<\/div>\n\t\t\t\t<\/div>\n\t\t\t\t\t<\/div>\n\t\t<\/div>\n\t\t\t\t\t<\/div>\n\t\t<\/section>\n\t\t\t\t\t<\/div>\n\t\t<\/div>\n\t\t\t\t\t<\/div>\n\t\t<\/section>\n\t\t\t\t<section class=\"elementor-section elementor-top-section elementor-element elementor-element-7d0c614 elementor-section-boxed elementor-section-height-default elementor-section-height-default\" data-id=\"7d0c614\" data-element_type=\"section\" data-e-type=\"section\">\n\t\t\t\t\t\t<div class=\"elementor-container elementor-column-gap-default\">\n\t\t\t\t\t<div class=\"elementor-column elementor-col-100 elementor-top-column elementor-element elementor-element-c5a1a70\" data-id=\"c5a1a70\" data-element_type=\"column\" data-e-type=\"column\">\n\t\t\t<div class=\"elementor-widget-wrap elementor-element-populated\">\n\t\t\t\t\t\t<div class=\"elementor-element elementor-element-2d76407 elementor-widget elementor-widget-text-editor\" data-id=\"2d76407\" data-element_type=\"widget\" data-e-type=\"widget\" data-widget_type=\"text-editor.default\">\n\t\t\t\t<div class=\"elementor-widget-container\">\n\t\t\t\t\t\t\t\t\t<p>Anschrift: Schlachthofstr. 24 B \u2022 06667 Wei\u00dfenfels \u2022 Tel. 03443\/208812 \u2022 info@gase-hildebrandt.de<\/p>\t\t\t\t\t\t\t\t<\/div>\n\t\t\t\t<\/div>\n\t\t\t\t\t<\/div>\n\t\t<\/div>\n\t\t\t\t\t<\/div>\n\t\t<\/section>\n\t\t\t\t<\/div>\n\t\t","protected":false},"excerpt":{"rendered":"<p>Startseite Unsere Firma Gasangebot Katalog Kontakt Impressum und Datenschutz X Trockeneis TROCKENEIS ist verdichtetes festes Kohlendioxid mit einer Temperatur von unter -78,5\u00b0C, welches sich bei Erw\u00e4rmung r\u00fcckstandslos aufl\u00f6st, also direkt vom festen in den gasf\u00f6rmigen Zustand \u00fcbergeht. Es ist ungiftig, &hellip; <a href=\"https:\/\/www.gase-hildebrandt.de\/index.php\/trockeneis\/\">Weiterlesen <span class=\"meta-nav\">&rarr;<\/span><\/a><\/p>\n","protected":false},"author":1,"featured_media":0,"parent":0,"menu_order":0,"comment_status":"closed","ping_status":"closed","template":"elementor_canvas","meta":{"footnotes":""},"class_list":["post-143","page","type-page","status-publish","hentry"],"_links":{"self":[{"href":"https:\/\/www.gase-hildebrandt.de\/index.php\/wp-json\/wp\/v2\/pages\/143","targetHints":{"allow":["GET"]}}],"collection":[{"href":"https:\/\/www.gase-hildebrandt.de\/index.php\/wp-json\/wp\/v2\/pages"}],"about":[{"href":"https:\/\/www.gase-hildebrandt.de\/index.php\/wp-json\/wp\/v2\/types\/page"}],"author":[{"embeddable":true,"href":"https:\/\/www.gase-hildebrandt.de\/index.php\/wp-json\/wp\/v2\/users\/1"}],"replies":[{"embeddable":true,"href":"https:\/\/www.gase-hildebrandt.de\/index.php\/wp-json\/wp\/v2\/comments?post=143"}],"version-history":[{"count":20,"href":"https:\/\/www.gase-hildebrandt.de\/index.php\/wp-json\/wp\/v2\/pages\/143\/revisions"}],"predecessor-version":[{"id":1699,"href":"https:\/\/www.gase-hildebrandt.de\/index.php\/wp-json\/wp\/v2\/pages\/143\/revisions\/1699"}],"wp:attachment":[{"href":"https:\/\/www.gase-hildebrandt.de\/index.php\/wp-json\/wp\/v2\/media?parent=143"}],"curies":[{"name":"wp","href":"https:\/\/api.w.org\/{rel}","templated":true}]}}