{"id":131,"date":"2020-02-28T11:39:14","date_gmt":"2020-02-28T11:39:14","guid":{"rendered":"https:\/\/gase-hildebrandt.de\/?page_id=131"},"modified":"2023-10-05T07:34:09","modified_gmt":"2023-10-05T07:34:09","slug":"impressum-und-datenschutz","status":"publish","type":"page","link":"https:\/\/www.gase-hildebrandt.de\/index.php\/impressum-und-datenschutz\/","title":{"rendered":"Impressum und Datenschutz"},"content":{"rendered":"\t\t<div data-elementor-type=\"wp-page\" data-elementor-id=\"131\" class=\"elementor elementor-131\">\n\t\t\t\t\t\t<section class=\"elementor-section elementor-top-section elementor-element elementor-element-3575440 elementor-section-boxed elementor-section-height-default elementor-section-height-default\" data-id=\"3575440\" data-element_type=\"section\" data-e-type=\"section\">\n\t\t\t\t\t\t<div class=\"elementor-container elementor-column-gap-default\">\n\t\t\t\t\t<div class=\"elementor-column elementor-col-100 elementor-top-column elementor-element elementor-element-d027a5f\" data-id=\"d027a5f\" data-element_type=\"column\" data-e-type=\"column\">\n\t\t\t<div class=\"elementor-widget-wrap elementor-element-populated\">\n\t\t\t\t\t\t<div class=\"elementor-element elementor-element-b52d59c elementor-widget elementor-widget-image\" data-id=\"b52d59c\" data-element_type=\"widget\" data-e-type=\"widget\" data-widget_type=\"image.default\">\n\t\t\t\t<div class=\"elementor-widget-container\">\n\t\t\t\t\t\t\t\t\t\t\t\t\t\t\t<img decoding=\"async\" src=\"https:\/\/gase-hildebrandt.de\/wp-content\/uploads\/2020\/02\/header_1140_01.png\" title=\"\" alt=\"\" loading=\"lazy\" \/>\t\t\t\t\t\t\t\t\t\t\t\t\t\t\t<\/div>\n\t\t\t\t<\/div>\n\t\t\t\t\t<\/div>\n\t\t<\/div>\n\t\t\t\t\t<\/div>\n\t\t<\/section>\n\t\t\t\t<section class=\"elementor-section elementor-top-section elementor-element elementor-element-7336c57 elementor-section-boxed elementor-section-height-default elementor-section-height-default\" data-id=\"7336c57\" data-element_type=\"section\" data-e-type=\"section\">\n\t\t\t\t\t\t<div class=\"elementor-container elementor-column-gap-default\">\n\t\t\t\t\t<div class=\"elementor-column elementor-col-100 elementor-top-column elementor-element elementor-element-21ebc7d elementor-hidden-tablet elementor-hidden-phone\" data-id=\"21ebc7d\" data-element_type=\"column\" data-e-type=\"column\" data-settings=\"{&quot;background_background&quot;:&quot;classic&quot;}\">\n\t\t\t<div class=\"elementor-widget-wrap elementor-element-populated\">\n\t\t\t\t\t\t<div class=\"elementor-element elementor-element-7521e58 elementor-widget elementor-widget-ekit-nav-menu\" data-id=\"7521e58\" data-element_type=\"widget\" data-e-type=\"widget\" data-widget_type=\"ekit-nav-menu.default\">\n\t\t\t\t<div class=\"elementor-widget-container\">\n\t\t\t\t\t\t\t<nav class=\"ekit-wid-con ekit_menu_responsive_tablet\"\n\t\t\tdata-hamburger-icon=\"\"\n\t\t\tdata-hamburger-icon-type=\"icon\"\n\t\t\tdata-responsive-breakpoint=\"1024\">\n\t\t\t            <button class=\"elementskit-menu-hamburger elementskit-menu-toggler\"  type=\"button\" aria-label=\"hamburger-icon\">\n                                    <span class=\"elementskit-menu-hamburger-icon\"><\/span><span class=\"elementskit-menu-hamburger-icon\"><\/span><span class=\"elementskit-menu-hamburger-icon\"><\/span>\n                            <\/button>\n            <div id=\"ekit-megamenu-menu-1\" class=\"elementskit-menu-container elementskit-menu-offcanvas-elements elementskit-navbar-nav-default ekit-nav-menu-one-page-no ekit-nav-dropdown-hover\"><ul id=\"menu-menu-1\" class=\"elementskit-navbar-nav elementskit-menu-po-left submenu-click-on-icon\"><li id=\"menu-item-59\" class=\"menu-item menu-item-type-post_type menu-item-object-page menu-item-home menu-item-59 nav-item elementskit-mobile-builder-content\" data-vertical-menu=750px><a href=\"https:\/\/www.gase-hildebrandt.de\/\" class=\"ekit-menu-nav-link\">Startseite<\/a><\/li>\n<li id=\"menu-item-140\" class=\"menu-item menu-item-type-post_type menu-item-object-page menu-item-140 nav-item elementskit-mobile-builder-content\" data-vertical-menu=750px><a href=\"https:\/\/www.gase-hildebrandt.de\/index.php\/unsere-firma\/\" class=\"ekit-menu-nav-link\">Unsere Firma<\/a><\/li>\n<li id=\"menu-item-141\" class=\"menu-item menu-item-type-post_type menu-item-object-page menu-item-141 nav-item elementskit-mobile-builder-content\" data-vertical-menu=750px><a href=\"https:\/\/www.gase-hildebrandt.de\/index.php\/ueberuns\/\" class=\"ekit-menu-nav-link\">Gasangebot<\/a><\/li>\n<li id=\"menu-item-1664\" class=\"menu-item menu-item-type-post_type menu-item-object-page menu-item-1664 nav-item elementskit-mobile-builder-content\" data-vertical-menu=750px><a href=\"https:\/\/www.gase-hildebrandt.de\/index.php\/katalog-3\/\" class=\"ekit-menu-nav-link\">Katalog<\/a><\/li>\n<li id=\"menu-item-138\" class=\"menu-item menu-item-type-post_type menu-item-object-page menu-item-138 nav-item elementskit-mobile-builder-content\" data-vertical-menu=750px><a href=\"https:\/\/www.gase-hildebrandt.de\/index.php\/kontakt\/\" class=\"ekit-menu-nav-link\">Kontakt<\/a><\/li>\n<li id=\"menu-item-137\" class=\"menu-item menu-item-type-post_type menu-item-object-page menu-item-137 nav-item elementskit-mobile-builder-content\" data-vertical-menu=750px><a href=\"https:\/\/www.gase-hildebrandt.de\/index.php\/impressum-und-datenschutz\/\" class=\"ekit-menu-nav-link\">Impressum und Datenschutz<\/a><\/li>\n<\/ul><div class=\"elementskit-nav-identity-panel\"><button class=\"elementskit-menu-close elementskit-menu-toggler\" type=\"button\">X<\/button><\/div><\/div>\n\t\t\t<div class=\"elementskit-menu-overlay elementskit-menu-offcanvas-elements elementskit-menu-toggler ekit-nav-menu--overlay\"><\/div>        <\/nav>\n\t\t\t\t\t\t<\/div>\n\t\t\t\t<\/div>\n\t\t\t\t\t<\/div>\n\t\t<\/div>\n\t\t\t\t\t<\/div>\n\t\t<\/section>\n\t\t\t\t<section class=\"elementor-section elementor-top-section elementor-element elementor-element-9e90688 elementor-section-boxed elementor-section-height-default elementor-section-height-default\" data-id=\"9e90688\" data-element_type=\"section\" data-e-type=\"section\">\n\t\t\t\t\t\t<div class=\"elementor-container elementor-column-gap-default\">\n\t\t\t\t\t<div class=\"elementor-column elementor-col-100 elementor-top-column elementor-element elementor-element-2f4e7b9\" data-id=\"2f4e7b9\" data-element_type=\"column\" data-e-type=\"column\" data-settings=\"{&quot;background_background&quot;:&quot;classic&quot;}\">\n\t\t\t<div class=\"elementor-widget-wrap elementor-element-populated\">\n\t\t\t\t\t\t<div class=\"elementor-element elementor-element-e2a1bb4 elementor-widget elementor-widget-heading\" data-id=\"e2a1bb4\" data-element_type=\"widget\" data-e-type=\"widget\" data-widget_type=\"heading.default\">\n\t\t\t\t<div class=\"elementor-widget-container\">\n\t\t\t\t\t<h2 class=\"elementor-heading-title elementor-size-default\">Impressum &amp; Datenschutz<\/h2>\t\t\t\t<\/div>\n\t\t\t\t<\/div>\n\t\t\t\t<section class=\"elementor-section elementor-inner-section elementor-element elementor-element-b82a367 elementor-section-boxed elementor-section-height-default elementor-section-height-default\" data-id=\"b82a367\" data-element_type=\"section\" data-e-type=\"section\">\n\t\t\t\t\t\t<div class=\"elementor-container elementor-column-gap-default\">\n\t\t\t\t\t<div class=\"elementor-column elementor-col-100 elementor-inner-column elementor-element elementor-element-a0ae494\" data-id=\"a0ae494\" data-element_type=\"column\" data-e-type=\"column\">\n\t\t\t<div class=\"elementor-widget-wrap elementor-element-populated\">\n\t\t\t\t\t\t<div class=\"elementor-element elementor-element-e42aa53 elementor-widget elementor-widget-text-editor\" data-id=\"e42aa53\" data-element_type=\"widget\" data-e-type=\"widget\" data-widget_type=\"text-editor.default\">\n\t\t\t\t<div class=\"elementor-widget-container\">\n\t\t\t\t\t\t\t\t\t<p><strong>Hildebrandt\u00a0<\/strong><strong>Technische Gase GmbH<\/strong><br \/>Schlachthofstr. 24 B<br \/>06667 Wei\u00dfenfels<\/p><p>Tel. 03443\/ 208812<br \/>Fax 03443\/ 200349<br \/>E-Mail: info@gase-hildebrandt.de<br \/>Internet: www.gase-hildebrandt.de<\/p><p>Inhaltlich Verantwortlicher gem\u00e4\u00df \u00a7 6 MDStV: Firma Hildebrandt &#8211; Technische Gase &amp; Schwei\u00dftechnik<\/p><p>Texte: Firma Hildebrandt &#8211; Technische Gase &amp; Schwei\u00dftechnik<\/p><p>Fotos: Firma Hildebrandt &#8211; Technische Gase &amp; Schwei\u00dftechnik<\/p><p><strong>F\u00fcr die freundliche Genehmigung zur Nutzung von Bildmaterial danken wir:<\/strong><\/p><ul><li>HARRIS Calorific GmbH<\/li><li>Telwin<\/li><li>Trafimet Schweisstechnik GmbH<\/li><li>Rief &amp; Co. GmbH<\/li><li>Mechanische Werkst\u00e4tten Wurzen GmbH<\/li><li>OPN Chemie Otto Petri GmbH<\/li><li>GCE Rh\u00f6na GmbH<\/li><li>IBEDA Sicherheitsger\u00e4te und Gastechnik GmbH &amp; Co.KG<\/li><li>TBI Industries GmbH<\/li><li>ARC Schwei\u00dfbrenner GmbH<\/li><li>GOK Regler- und Armaturen-Gesellschaft mbH &amp; CoKG<\/li><li>Borrmann Brenner Berlin GmbH<\/li><li>FELDER GmbH L\u00f6ttechnik<\/li><li>BIG Arbeitsschutz GmbH<\/li><li>3M Deutschland GmbH<\/li><li>Moldex-Metrix AG &amp; Co.KG<\/li><li>Honeywell<\/li><li>Klingspor GmbH<\/li><\/ul><p><strong>Haftungshinweis \/ Erkl\u00e4rung zu allen Links auf dieser Homepage:<\/strong><br \/>Trotz sorgf\u00e4ltiger inhaltlicher Kontrolle \u00fcbernehmen wir keine Haftung f\u00fcr die Inhalte externer Links. F\u00fcr den Inhalt der verlinkten Seiten sind ausschlie\u00dflich deren Betreiber verantwortlich.<\/p><p>Mit Urteil vom 12. Mai 1998 &#8211; 312 O 85\/98 &#8211; &#8222;Haftung f\u00fcr Links&#8220; hat das Landgericht Hamburg entschieden, dass man durch einen Link auf eine andere Homepage deren Inhalte ggf. mit zu verantworten hat. Dies kann laut LG nur verhindert werden, indem man sich ausdr\u00fccklich von diesen Inhalten distanziert. Deshalb distanzieren wir uns hiermit ausdr\u00fccklich von s\u00e4mtlichen Inhalten aller auf unserer Homepage verlinkten fremden Seiten und machen uns deren Inhalte nicht zu Eigen.<\/p><p>Diese Erkl\u00e4rung gilt f\u00fcr alle auf unserer Webseite angebrachten Links sowie f\u00fcr etwaige Eintr\u00e4ge in Foren-Bereichen.<\/p><p>Regelwidrige Eintr\u00e4ge werden prinzipiell gel\u00f6scht. Sollten Sie dennoch einen Versto\u00df entdecken, benachrichtigen Sie bitte den Webmaster!<\/p><h2>Datenschutz<\/h2><p>Die Adresse unserer Website ist: <b>http:\/\/www.gase-hildebrandt.de<\/b>.<\/p><p>Durch die Nutzung unserer Website erkl\u00e4ren Sie sich mit der Erhebung, Verarbeitung und Nutzung von Daten gem\u00e4\u00df der nachfolgenden Beschreibung einverstanden. Unsere Website kann grunds\u00e4tzlich ohne Registrierung besucht werden. Dabei werden Daten wie beispielsweise aufgerufene Seiten bzw. Namen der abgerufenen Datei, Datum und Uhrzeit zu statistischen Zwecken auf dem Server gespeichert, ohne dass diese Daten unmittelbar auf Ihre Person bezogen werden. Die im Kontaktformular anzugebenden personenbezogenen Daten (Name und E-Mail) werden vertraulich behandelt. Ohne Ihre Einwilligung erfolgt keine Weitergabe der Daten an Dritte.<\/p><p><b>Link zu Air Products.de<\/b><br \/>Die Nutzung von &#8222;Air Products&#8220; erfolgt gem\u00e4\u00df den Nutzungsbedingungen und der Datenschutzerkl\u00e4rung der Seite http:\/\/www.airproducts.de\/.<\/p><p><b>Einsatz von Google-Maps<\/b><br \/>Wir nutzen auf unserer Seite &#8222;Google Maps&#8220;. Bei jedem einzelnen Aufruf wird von Google ein Cookie gesetzt, um bei der Anzeige der Seite, Nutzereinstellungen und -daten zu verarbeiten. Dieses Cookie wird im Regelfall nicht durch das Schlie\u00dfen des Browsers gel\u00f6scht, sondern l\u00e4uft nach einer bestimmten Zeit ab, soweit es nicht von Ihnen zuvor manuell gel\u00f6scht wird. Wenn Sie mit dieser Verarbeitung Ihrer Daten nicht einverstanden sind, so besteht die M\u00f6glichkeit, den Service von &#8222;Google Maps&#8220; zu deaktivieren und auf diesem Weg die \u00dcbertragung von Daten an Google zu verhindern. Wir weisen Sie jedoch darauf hin, dass Sie in diesem Fall die &#8222;Google Maps&#8220; nicht oder nur eingeschr\u00e4nkt nutzen k\u00f6nnen. Die Nutzung von &#8222;Google Maps&#8220; erfolgt gem\u00e4\u00df den Google-Nutzungsbedingungen.<\/p><h3>Datenschutz WordPress<\/h3><p>Welche personenbezogenen Daten wir sammeln und warum wir sie sammeln<\/p><p><b>Kommentare<\/b><\/p><p>Wenn Besucher Kommentare auf der Website schreiben, sammeln wir die Daten, die im Kommentar-Formular angezeigt werden, au\u00dferdem die IP-Adresse des Besuchers und den User-Agent-String (damit wird der Browser identifiziert), um die Erkennung von Spam zu unterst\u00fctzen.<\/p><p>Aus Ihrer E-Mail-Adresse kann eine anonymisierte Zeichenfolge erstellt (auch Hash genannt) und dem Gravatar-Dienst \u00fcbergeben werden, um zu pr\u00fcfen, ob Sie diesen benutzten. Die Datenschutzerkl\u00e4rung des Gravatar-Dienstes finden Sie unter: https:\/\/automattic.com\/privacy\/. Nachdem Ihr Kommentar freigegeben wurde, ist Ihr Profilbild \u00f6ffentlich im Kontext Ihres Kommentars sichtbar.<\/p><p><b>Medien<\/b><\/p><p>Wenn Sie ein registrierter Benutzer sind und Fotos auf diese Website laden, sollten Sie vermeiden, Fotos mit einem EXIF-GPS-Standort hochzuladen. Besucher dieser Website k\u00f6nnten Fotos, die auf dieser Website gespeichert sind, herunterladen und deren Standort-Informationen extrahieren.<\/p><p><b>Kontaktformulare \/ Cookies<\/b><\/p><p>Wenn Sie einen Kommentar auf unserer Website schreiben, kann das eine Einwilligung sein, Ihren Namen, E-Mail-Adresse und Website in Cookies zu speichern. Dies ist eine Komfortfunktion, damit Sie nicht, wenn Sie einen weiteren Kommentar schreiben, all diese Daten erneut eingeben m\u00fcssen. Diese Cookies werden ein Jahr lang gespeichert.<\/p><p>Falls Sie ein Konto haben und Sie sich auf dieser Website anmelden, werden wir ein tempor\u00e4res Cookie setzen, um festzustellen, ob Ihr Browser Cookies akzeptiert. Diese Cookies enthalten keine personenbezogenen Daten und werden verworfen, wenn Sie Ihren Browser schlie\u00dfen.<\/p><p>Wenn Sie sich anmelden, werden wir einige Cookies einrichten, um Ihre Anmeldeinformationen und Anzeigeoptionen zu speichern. Anmelde-Cookies verfallen nach zwei Tagen und Cookies f\u00fcr die Anzeigeoptionen nach einem Jahr. Falls Sie bei der Anmeldung \u201eAngemeldet bleiben\u201c ausw\u00e4hlen, wird Ihre Anmeldung zwei Wochen lang aufrechterhalten. Mit der Abmeldung aus Ihrem Konto werden die Anmelde-Cookies gel\u00f6scht.<\/p><p>Wenn Sie einen Artikel bearbeiten oder ver\u00f6ffentlichen, wird ein zus\u00e4tzlicher Cookie in Ihrem Browser gespeichert. Dieser Cookie enth\u00e4lt keine personenbezogenen Daten und verweist nur auf die Beitrags-ID des Artikels, den Sie gerade bearbeitet haben. Der Cookie verf\u00e4llt nach einem Tag.<\/p><p><b>Eingebettete Inhalte von anderen Websites<\/b><\/p><p>Beitr\u00e4ge auf dieser Website k\u00f6nnen eingebettete Inhalte beinhalten (z.\u00a0B. Videos, Bilder, Beitr\u00e4ge etc.). Eingebettete Inhalte von anderen Websites verhalten sich exakt so, als ob der Besucher die andere Website besucht h\u00e4tte.<\/p><p>Diese Websites k\u00f6nnen Daten \u00fcber Sie sammeln, Cookies benutzen, zus\u00e4tzliche Tracking-Dienste von Dritten einbetten und Ihre Interaktion mit diesem eingebetteten Inhalt aufzeichnen, inklusive Ihrer Interaktion mit dem eingebetteten Inhalt, falls Sie ein Konto haben und auf dieser Website angemeldet sind.<\/p><p><b>Analysedienste<\/b><br \/>Mit wem wir Ihre Daten teilen<br \/>Wie lange wir Ihre Daten speichern<\/p><p>Wenn Sie einen Kommentar schreiben, wird dieser inklusive Metadaten zeitlich unbegrenzt gespeichert. Auf diese Art k\u00f6nnen wir Folgekommentare automatisch erkennen und freigeben, anstelle sie in einer Moderations-Warteschlange festzuhalten.<\/p><p>F\u00fcr Benutzer, die sich auf unserer Website registrieren, speichern wir zus\u00e4tzlich die pers\u00f6nlichen Informationen, die sie in ihren Benutzerprofilen angeben. Alle Benutzer k\u00f6nnen jederzeit ihre pers\u00f6nlichen Informationen einsehen, ver\u00e4ndern oder l\u00f6schen (der Benutzername kann nicht ver\u00e4ndert werden). Administratoren der Website k\u00f6nnen diese Informationen ebenfalls einsehen und ver\u00e4ndern.<\/p><p><b>Welche Rechte Sie an Ihren Daten haben<\/b><\/p><p>Wenn Sie ein Konto auf dieser Website besitzten oder Kommentare geschrieben haben, k\u00f6nnen Sie einen Export Ihrer personenbezogenen Daten bei uns anfordern, inklusive aller Daten, die Sie uns mitgeteilt haben. Dar\u00fcber hinaus k\u00f6nnen Sie die L\u00f6schung aller personenbezogenen Daten, die wir von Ihnen gespeichert haben, anfordern. Dies umfasst nicht die Daten, die wir aufgrund administrativer, rechtlicher oder sicherheitsrelevanter Notwendigkeiten aufbewahren m\u00fcssen.<\/p><p><b>Wohin wir Ihre Daten senden<\/b><\/p><p>Besucher-Kommentare k\u00f6nnten von einem automatisierten Dienst zur Spam-Erkennung untersucht werden.<\/p><p><b>Kontakt-Informationen<br \/><\/b><br \/><b>BETREIBER DIESER SEITE IST:<\/b><\/p><p><strong>Hildebrandt <\/strong><strong>Technische Gase GmbH<\/strong><br \/>Schlachthofstr. 24 B<br \/>06667 Wei\u00dfenfels<\/p><p><a href=\"https:\/\/gase-hildebrandt.de\/wp-login.php\" target=\"_blank\" rel=\"noopener\">Login<\/a><\/p>\t\t\t\t\t\t\t\t<\/div>\n\t\t\t\t<\/div>\n\t\t\t\t\t<\/div>\n\t\t<\/div>\n\t\t\t\t\t<\/div>\n\t\t<\/section>\n\t\t\t\t<div class=\"elementor-element elementor-element-270c999 elementor-widget elementor-widget-spacer\" data-id=\"270c999\" data-element_type=\"widget\" data-e-type=\"widget\" data-widget_type=\"spacer.default\">\n\t\t\t\t<div class=\"elementor-widget-container\">\n\t\t\t\t\t\t\t<div class=\"elementor-spacer\">\n\t\t\t<div class=\"elementor-spacer-inner\"><\/div>\n\t\t<\/div>\n\t\t\t\t\t\t<\/div>\n\t\t\t\t<\/div>\n\t\t\t\t<section class=\"elementor-section elementor-inner-section elementor-element elementor-element-805a43c elementor-section-boxed elementor-section-height-default elementor-section-height-default\" data-id=\"805a43c\" data-element_type=\"section\" data-e-type=\"section\">\n\t\t\t\t\t\t<div class=\"elementor-container elementor-column-gap-default\">\n\t\t\t\t\t<div class=\"elementor-column elementor-col-50 elementor-inner-column elementor-element elementor-element-5da8852\" data-id=\"5da8852\" data-element_type=\"column\" data-e-type=\"column\">\n\t\t\t<div class=\"elementor-widget-wrap elementor-element-populated\">\n\t\t\t\t\t\t<div class=\"elementor-element elementor-element-441e577 elementor-widget elementor-widget-image\" data-id=\"441e577\" data-element_type=\"widget\" data-e-type=\"widget\" data-widget_type=\"image.default\">\n\t\t\t\t<div class=\"elementor-widget-container\">\n\t\t\t\t\t\t\t\t\t\t\t\t\t\t\t\t<a href=\"https:\/\/gase-hildebrandt.de\/index.php\/autogas\/\">\n\t\t\t\t\t\t\t<img decoding=\"async\" width=\"300\" height=\"54\" src=\"https:\/\/www.gase-hildebrandt.de\/wp-content\/uploads\/2020\/02\/autogas-300x54.png\" class=\"attachment-medium size-medium wp-image-77\" alt=\"\" srcset=\"https:\/\/www.gase-hildebrandt.de\/wp-content\/uploads\/2020\/02\/autogas-300x54.png 300w, https:\/\/www.gase-hildebrandt.de\/wp-content\/uploads\/2020\/02\/autogas-500x90.png 500w, https:\/\/www.gase-hildebrandt.de\/wp-content\/uploads\/2020\/02\/autogas.png 539w\" sizes=\"(max-width: 300px) 100vw, 300px\" \/>\t\t\t\t\t\t\t\t<\/a>\n\t\t\t\t\t\t\t\t\t\t\t\t\t\t\t<\/div>\n\t\t\t\t<\/div>\n\t\t\t\t\t<\/div>\n\t\t<\/div>\n\t\t\t\t<div class=\"elementor-column elementor-col-50 elementor-inner-column elementor-element elementor-element-399548d\" data-id=\"399548d\" data-element_type=\"column\" data-e-type=\"column\">\n\t\t\t<div class=\"elementor-widget-wrap elementor-element-populated\">\n\t\t\t\t\t\t<div class=\"elementor-element elementor-element-4cc759b elementor-widget elementor-widget-image\" data-id=\"4cc759b\" data-element_type=\"widget\" data-e-type=\"widget\" data-widget_type=\"image.default\">\n\t\t\t\t<div class=\"elementor-widget-container\">\n\t\t\t\t\t\t\t\t\t\t\t\t\t\t\t\t<a href=\"http:\/\/www.airproducts.de\" target=\"_blank\">\n\t\t\t\t\t\t\t<img decoding=\"async\" width=\"300\" height=\"64\" src=\"https:\/\/www.gase-hildebrandt.de\/wp-content\/uploads\/2020\/02\/airproducts_logo-300x64.png\" class=\"attachment-medium size-medium wp-image-76\" alt=\"\" srcset=\"https:\/\/www.gase-hildebrandt.de\/wp-content\/uploads\/2020\/02\/airproducts_logo-300x64.png 300w, https:\/\/www.gase-hildebrandt.de\/wp-content\/uploads\/2020\/02\/airproducts_logo-1024x218.png 1024w, https:\/\/www.gase-hildebrandt.de\/wp-content\/uploads\/2020\/02\/airproducts_logo-768x163.png 768w, https:\/\/www.gase-hildebrandt.de\/wp-content\/uploads\/2020\/02\/airproducts_logo-500x106.png 500w, https:\/\/www.gase-hildebrandt.de\/wp-content\/uploads\/2020\/02\/airproducts_logo.png 1330w\" sizes=\"(max-width: 300px) 100vw, 300px\" \/>\t\t\t\t\t\t\t\t<\/a>\n\t\t\t\t\t\t\t\t\t\t\t\t\t\t\t<\/div>\n\t\t\t\t<\/div>\n\t\t\t\t\t<\/div>\n\t\t<\/div>\n\t\t\t\t\t<\/div>\n\t\t<\/section>\n\t\t\t\t\t<\/div>\n\t\t<\/div>\n\t\t\t\t\t<\/div>\n\t\t<\/section>\n\t\t\t\t<section class=\"elementor-section elementor-top-section elementor-element elementor-element-7d0c614 elementor-section-boxed elementor-section-height-default elementor-section-height-default\" data-id=\"7d0c614\" data-element_type=\"section\" data-e-type=\"section\">\n\t\t\t\t\t\t<div class=\"elementor-container elementor-column-gap-default\">\n\t\t\t\t\t<div class=\"elementor-column elementor-col-100 elementor-top-column elementor-element elementor-element-c5a1a70\" data-id=\"c5a1a70\" data-element_type=\"column\" data-e-type=\"column\">\n\t\t\t<div class=\"elementor-widget-wrap elementor-element-populated\">\n\t\t\t\t\t\t<div class=\"elementor-element elementor-element-2d76407 elementor-widget elementor-widget-text-editor\" data-id=\"2d76407\" data-element_type=\"widget\" data-e-type=\"widget\" data-widget_type=\"text-editor.default\">\n\t\t\t\t<div class=\"elementor-widget-container\">\n\t\t\t\t\t\t\t\t\t<p>Anschrift: Schlachthofstr. 24 B \u2022 06667 Wei\u00dfenfels \u2022 Tel. 03443\/208812 \u2022 info@gase-hildebrandt.de<\/p>\t\t\t\t\t\t\t\t<\/div>\n\t\t\t\t<\/div>\n\t\t\t\t\t<\/div>\n\t\t<\/div>\n\t\t\t\t\t<\/div>\n\t\t<\/section>\n\t\t\t\t<\/div>\n\t\t","protected":false},"excerpt":{"rendered":"<p>Startseite Unsere Firma Gasangebot Katalog Kontakt Impressum und Datenschutz X Impressum &#038; Datenschutz Hildebrandt\u00a0Technische Gase GmbH Schlachthofstr. 24 B 06667 Wei\u00dfenfels Tel. 03443\/ 208812 Fax 03443\/ 200349 E-Mail: info@gase-hildebrandt.de Internet: www.gase-hildebrandt.de Inhaltlich Verantwortlicher gem\u00e4\u00df \u00a7 6 MDStV: Firma Hildebrandt &#8211; &hellip; <a href=\"https:\/\/www.gase-hildebrandt.de\/index.php\/impressum-und-datenschutz\/\">Weiterlesen <span class=\"meta-nav\">&rarr;<\/span><\/a><\/p>\n","protected":false},"author":1,"featured_media":0,"parent":0,"menu_order":0,"comment_status":"closed","ping_status":"closed","template":"elementor_canvas","meta":{"footnotes":""},"class_list":["post-131","page","type-page","status-publish","hentry"],"_links":{"self":[{"href":"https:\/\/www.gase-hildebrandt.de\/index.php\/wp-json\/wp\/v2\/pages\/131","targetHints":{"allow":["GET"]}}],"collection":[{"href":"https:\/\/www.gase-hildebrandt.de\/index.php\/wp-json\/wp\/v2\/pages"}],"about":[{"href":"https:\/\/www.gase-hildebrandt.de\/index.php\/wp-json\/wp\/v2\/types\/page"}],"author":[{"embeddable":true,"href":"https:\/\/www.gase-hildebrandt.de\/index.php\/wp-json\/wp\/v2\/users\/1"}],"replies":[{"embeddable":true,"href":"https:\/\/www.gase-hildebrandt.de\/index.php\/wp-json\/wp\/v2\/comments?post=131"}],"version-history":[{"count":24,"href":"https:\/\/www.gase-hildebrandt.de\/index.php\/wp-json\/wp\/v2\/pages\/131\/revisions"}],"predecessor-version":[{"id":1819,"href":"https:\/\/www.gase-hildebrandt.de\/index.php\/wp-json\/wp\/v2\/pages\/131\/revisions\/1819"}],"wp:attachment":[{"href":"https:\/\/www.gase-hildebrandt.de\/index.php\/wp-json\/wp\/v2\/media?parent=131"}],"curies":[{"name":"wp","href":"https:\/\/api.w.org\/{rel}","templated":true}]}}